{"id":2524,"date":"2021-06-24T19:21:24","date_gmt":"2021-06-24T19:21:24","guid":{"rendered":"https:\/\/winehombres.com\/wp3\/?page_id=2524"},"modified":"2021-06-24T19:25:08","modified_gmt":"2021-06-24T19:25:08","slug":"impressum","status":"publish","type":"page","link":"https:\/\/winehombres.com\/wp3\/impressum\/","title":{"rendered":"Impressum"},"content":{"rendered":"<p>[vc_row][vc_column][vc_column_text]winehombres<br \/>\nL\u00f6wenplatz 2<br \/>\n5612 Villmergen<\/p>\n<p><strong>Vertretungsberechtigte Personen:<\/strong><br \/>\nRen\u00e9 Schmidli<\/p>\n<p><strong>Haftungsausschluss:<\/strong><br \/>\nDer Autor \u00fcbernimmt keinerlei Gew\u00e4hr hinsichtlich der inhaltlichen Richtigkeit, Genauigkeit, Aktualit\u00e4t, Zuverl\u00e4ssigkeit und Vollst\u00e4ndigkeit der Informationen.<br \/>\nHaftungsanspr\u00fcche gegen den Autor wegen Sch\u00e4den materieller oder immaterieller Art, welche aus dem Zugriff oder der Nutzung bzw. Nichtnutzung der ver\u00f6ffentlichten Informationen, durch Missbrauch der Verbindung oder durch technische St\u00f6rungen entstanden sind, werden ausgeschlossen.<br \/>\nAlle Angebote sind unverbindlich. Der Autor beh\u00e4lt es sich ausdr\u00fccklich vor, Teile der Seiten oder das gesamte Angebot ohne gesonderte Ank\u00fcndigung zu ver\u00e4ndern, zu erg\u00e4nzen, zu l\u00f6schen oder die Ver\u00f6ffentlichung zeitweise oder endg\u00fcltig einzustellen.<\/p>\n<p><strong>Haftung f\u00fcr Links:<\/strong><br \/>\nVerweise und Links auf Webseiten Dritter liegen ausserhalb unseres Verantwortungsbereichs. Es wird jegliche Verantwortung f\u00fcr solche Webseiten abgelehnt. Der Zugriff und die Nutzung solcher Webseiten erfolgen auf eigene Gefahr des Nutzers oder der Nutzerin.<\/p>\n<p><strong>Urheberrechte:<\/strong><br \/>\nDie Urheber- und alle anderen Rechte an Inhalten, Bildern, Fotos oder anderen Dateien auf der Website geh\u00f6ren ausschliesslich winehombres oder den speziell genannten Rechtsinhabern. F\u00fcr die Reproduktion jeglicher Elemente ist die schriftliche Zustimmung der Urheberrechtstr\u00e4ger im Voraus einzuholen.[\/vc_column_text][\/vc_column][\/vc_row]<\/p>\n","protected":false},"excerpt":{"rendered":"<p>[vc_row][vc_column][vc_column_text]winehombres L\u00f6wenplatz 2 5612 Villmergen Vertretungsberechtigte Personen: Ren\u00e9 Schmidli Haftungsausschluss: Der Autor \u00fcbernimmt keinerlei Gew\u00e4hr hinsichtlich der inhaltlichen Richtigkeit, Genauigkeit, Aktualit\u00e4t, Zuverl\u00e4ssigkeit und Vollst\u00e4ndigkeit der Informationen. Haftungsanspr\u00fcche gegen den Autor<br class=\"read-more-spacer\"> <a class=\"more-link\" href=\"https:\/\/winehombres.com\/wp3\/impressum\/\">Read More<\/a><\/p>\n","protected":false},"author":1,"featured_media":0,"parent":0,"menu_order":0,"comment_status":"closed","ping_status":"closed","template":"","meta":{"footnotes":""},"class_list":["post-2524","page","type-page","status-publish","hentry"],"yoast_head":"<!-- This site is optimized with the Yoast SEO plugin v17.7.1 - https:\/\/yoast.com\/wordpress\/plugins\/seo\/ -->\n<title>Impressum - winehombres<\/title>\n<meta name=\"robots\" content=\"index, follow, max-snippet:-1, max-image-preview:large, max-video-preview:-1\" \/>\n<link rel=\"canonical\" href=\"https:\/\/winehombres.com\/wp3\/impressum\/\" \/>\n<meta property=\"og:locale\" content=\"de_DE\" \/>\n<meta property=\"og:type\" content=\"article\" \/>\n<meta property=\"og:title\" content=\"Impressum - winehombres\" \/>\n<meta property=\"og:description\" content=\"[vc_row][vc_column][vc_column_text]winehombres L\u00f6wenplatz 2 5612 Villmergen Vertretungsberechtigte Personen: Ren\u00e9 Schmidli Haftungsausschluss: Der Autor \u00fcbernimmt keinerlei Gew\u00e4hr hinsichtlich der inhaltlichen Richtigkeit, Genauigkeit, Aktualit\u00e4t, Zuverl\u00e4ssigkeit und Vollst\u00e4ndigkeit der Informationen. Haftungsanspr\u00fcche gegen den Autor Read More\" \/>\n<meta property=\"og:url\" content=\"https:\/\/winehombres.com\/wp3\/impressum\/\" \/>\n<meta property=\"og:site_name\" content=\"winehombres\" \/>\n<meta property=\"article:modified_time\" content=\"2021-06-24T19:25:08+00:00\" \/>\n<meta name=\"twitter:card\" content=\"summary_large_image\" \/>\n<meta name=\"twitter:label1\" content=\"Gesch\u00e4tzte Lesezeit\" \/>\n\t<meta name=\"twitter:data1\" content=\"1\u00a0Minute\" \/>\n<script type=\"application\/ld+json\" class=\"yoast-schema-graph\">{\"@context\":\"https:\/\/schema.org\",\"@graph\":[{\"@type\":\"Organization\",\"@id\":\"https:\/\/winehombres.com\/wp3\/#organization\",\"name\":\"winehombres\",\"url\":\"https:\/\/winehombres.com\/wp3\/\",\"sameAs\":[],\"logo\":{\"@type\":\"ImageObject\",\"@id\":\"https:\/\/winehombres.com\/wp3\/#logo\",\"inLanguage\":\"de\",\"url\":\"https:\/\/winehombres.com\/wp3\/wp-content\/uploads\/2021\/06\/Logo_silver.png\",\"contentUrl\":\"https:\/\/winehombres.com\/wp3\/wp-content\/uploads\/2021\/06\/Logo_silver.png\",\"width\":8829,\"height\":5606,\"caption\":\"winehombres\"},\"image\":{\"@id\":\"https:\/\/winehombres.com\/wp3\/#logo\"}},{\"@type\":\"WebSite\",\"@id\":\"https:\/\/winehombres.com\/wp3\/#website\",\"url\":\"https:\/\/winehombres.com\/wp3\/\",\"name\":\"winehombres\",\"description\":\"winehombres kilikanoon weinshop\",\"publisher\":{\"@id\":\"https:\/\/winehombres.com\/wp3\/#organization\"},\"potentialAction\":[{\"@type\":\"SearchAction\",\"target\":{\"@type\":\"EntryPoint\",\"urlTemplate\":\"https:\/\/winehombres.com\/wp3\/?s={search_term_string}\"},\"query-input\":\"required name=search_term_string\"}],\"inLanguage\":\"de\"},{\"@type\":\"WebPage\",\"@id\":\"https:\/\/winehombres.com\/wp3\/impressum\/#webpage\",\"url\":\"https:\/\/winehombres.com\/wp3\/impressum\/\",\"name\":\"Impressum - winehombres\",\"isPartOf\":{\"@id\":\"https:\/\/winehombres.com\/wp3\/#website\"},\"datePublished\":\"2021-06-24T19:21:24+00:00\",\"dateModified\":\"2021-06-24T19:25:08+00:00\",\"breadcrumb\":{\"@id\":\"https:\/\/winehombres.com\/wp3\/impressum\/#breadcrumb\"},\"inLanguage\":\"de\",\"potentialAction\":[{\"@type\":\"ReadAction\",\"target\":[\"https:\/\/winehombres.com\/wp3\/impressum\/\"]}]},{\"@type\":\"BreadcrumbList\",\"@id\":\"https:\/\/winehombres.com\/wp3\/impressum\/#breadcrumb\",\"itemListElement\":[{\"@type\":\"ListItem\",\"position\":1,\"name\":\"Startseite\",\"item\":\"https:\/\/winehombres.com\/wp3\/\"},{\"@type\":\"ListItem\",\"position\":2,\"name\":\"Impressum\"}]}]}<\/script>\n<!-- \/ Yoast SEO plugin. -->","yoast_head_json":{"title":"Impressum - winehombres","robots":{"index":"index","follow":"follow","max-snippet":"max-snippet:-1","max-image-preview":"max-image-preview:large","max-video-preview":"max-video-preview:-1"},"canonical":"https:\/\/winehombres.com\/wp3\/impressum\/","og_locale":"de_DE","og_type":"article","og_title":"Impressum - winehombres","og_description":"[vc_row][vc_column][vc_column_text]winehombres L\u00f6wenplatz 2 5612 Villmergen Vertretungsberechtigte Personen: Ren\u00e9 Schmidli Haftungsausschluss: Der Autor \u00fcbernimmt keinerlei Gew\u00e4hr hinsichtlich der inhaltlichen Richtigkeit, Genauigkeit, Aktualit\u00e4t, Zuverl\u00e4ssigkeit und Vollst\u00e4ndigkeit der Informationen. Haftungsanspr\u00fcche gegen den Autor Read More","og_url":"https:\/\/winehombres.com\/wp3\/impressum\/","og_site_name":"winehombres","article_modified_time":"2021-06-24T19:25:08+00:00","twitter_card":"summary_large_image","twitter_misc":{"Gesch\u00e4tzte Lesezeit":"1\u00a0Minute"},"schema":{"@context":"https:\/\/schema.org","@graph":[{"@type":"Organization","@id":"https:\/\/winehombres.com\/wp3\/#organization","name":"winehombres","url":"https:\/\/winehombres.com\/wp3\/","sameAs":[],"logo":{"@type":"ImageObject","@id":"https:\/\/winehombres.com\/wp3\/#logo","inLanguage":"de","url":"https:\/\/winehombres.com\/wp3\/wp-content\/uploads\/2021\/06\/Logo_silver.png","contentUrl":"https:\/\/winehombres.com\/wp3\/wp-content\/uploads\/2021\/06\/Logo_silver.png","width":8829,"height":5606,"caption":"winehombres"},"image":{"@id":"https:\/\/winehombres.com\/wp3\/#logo"}},{"@type":"WebSite","@id":"https:\/\/winehombres.com\/wp3\/#website","url":"https:\/\/winehombres.com\/wp3\/","name":"winehombres","description":"winehombres kilikanoon weinshop","publisher":{"@id":"https:\/\/winehombres.com\/wp3\/#organization"},"potentialAction":[{"@type":"SearchAction","target":{"@type":"EntryPoint","urlTemplate":"https:\/\/winehombres.com\/wp3\/?s={search_term_string}"},"query-input":"required name=search_term_string"}],"inLanguage":"de"},{"@type":"WebPage","@id":"https:\/\/winehombres.com\/wp3\/impressum\/#webpage","url":"https:\/\/winehombres.com\/wp3\/impressum\/","name":"Impressum - winehombres","isPartOf":{"@id":"https:\/\/winehombres.com\/wp3\/#website"},"datePublished":"2021-06-24T19:21:24+00:00","dateModified":"2021-06-24T19:25:08+00:00","breadcrumb":{"@id":"https:\/\/winehombres.com\/wp3\/impressum\/#breadcrumb"},"inLanguage":"de","potentialAction":[{"@type":"ReadAction","target":["https:\/\/winehombres.com\/wp3\/impressum\/"]}]},{"@type":"BreadcrumbList","@id":"https:\/\/winehombres.com\/wp3\/impressum\/#breadcrumb","itemListElement":[{"@type":"ListItem","position":1,"name":"Startseite","item":"https:\/\/winehombres.com\/wp3\/"},{"@type":"ListItem","position":2,"name":"Impressum"}]}]}},"_links":{"self":[{"href":"https:\/\/winehombres.com\/wp3\/wp-json\/wp\/v2\/pages\/2524","targetHints":{"allow":["GET"]}}],"collection":[{"href":"https:\/\/winehombres.com\/wp3\/wp-json\/wp\/v2\/pages"}],"about":[{"href":"https:\/\/winehombres.com\/wp3\/wp-json\/wp\/v2\/types\/page"}],"author":[{"embeddable":true,"href":"https:\/\/winehombres.com\/wp3\/wp-json\/wp\/v2\/users\/1"}],"replies":[{"embeddable":true,"href":"https:\/\/winehombres.com\/wp3\/wp-json\/wp\/v2\/comments?post=2524"}],"version-history":[{"count":2,"href":"https:\/\/winehombres.com\/wp3\/wp-json\/wp\/v2\/pages\/2524\/revisions"}],"predecessor-version":[{"id":2527,"href":"https:\/\/winehombres.com\/wp3\/wp-json\/wp\/v2\/pages\/2524\/revisions\/2527"}],"wp:attachment":[{"href":"https:\/\/winehombres.com\/wp3\/wp-json\/wp\/v2\/media?parent=2524"}],"curies":[{"name":"wp","href":"https:\/\/api.w.org\/{rel}","templated":true}]}}