{"id":2526,"date":"2021-06-24T19:24:23","date_gmt":"2021-06-24T19:24:23","guid":{"rendered":"https:\/\/winehombres.com\/wp3\/?post_type=product&#038;p=2526"},"modified":"2021-12-01T20:09:28","modified_gmt":"2021-12-01T20:09:28","slug":"tregea","status":"publish","type":"product","link":"https:\/\/winehombres.com\/wp3\/product\/tregea\/","title":{"rendered":"Tregea Reserve Cabernet Sauvignon"},"content":{"rendered":"<p>[vc_row content_placement=&#8220;middle&#8220; css=&#8220;.vc_custom_1460727920666{padding-top: 0px !important;padding-bottom: 0px !important;background-color: #f2f2f2 !important;}&#8220;][vc_column css=&#8220;.vc_custom_1460636569719{padding: 20% !important;}&#8220; offset=&#8220;vc_col-lg-6 vc_col-md-6&#8243;]\n\t<div class=\"title-subtitle-box  \" style=\" text-align: left;\">\n\t\t<p  style=\"\">Weinspezifikation<\/p>\n\t\t<h1 style=\" font-style: normal;\">Beschreibung<\/h1>\n\t<\/div> [vc_column_text css=&#8220;.vc_custom_1624562867672{margin-bottom: 0px !important;}&#8220;]2016 war ein klassisch k\u00fchler und feuchter Clare Valley Jahrgang mit unterdurchschnittlichen Tagestemperaturen und periodischen Niederschl\u00e4gen vor und w\u00e4hrend der Erntezeit. Dies verlangsamte den Reifungsprozess und erm\u00f6glichte es dem Weinbauteam bei optimaler Reife zu ernten. Die einzelnen Erntechargen wurden in offene G\u00e4hrtanks gegeben und dann achtzehn Monate lang in eine sorgf\u00e4ltige Auswahl neuer und gebrauchter franz\u00f6sischer Eichenf\u00e4sser gef\u00fcllt, bevor sie ohne Sch\u00f6nung und ungefiltert abgef\u00fcllt wurden. Die gezielte und doch \u00fcberlegte Verwendung traditioneller Weinbereitungstechniken neben modernen Praktiken tr\u00e4gt zum Gef\u00fchl der alten Welt des Weins bei.[\/vc_column_text][\/vc_column][vc_column css=&#8220;.vc_custom_1460635864072{padding-top: 0px !important;padding-right: 0px !important;padding-bottom: 0px !important;padding-left: 0px !important;}&#8220; offset=&#8220;vc_col-lg-6 vc_col-md-6 vc_hidden-sm vc_hidden-xs&#8220;][vc_single_image image=&#8220;677&#8243; img_size=&#8220;full&#8220; css=&#8220;.vc_custom_1459091894099{margin-bottom: 0px !important;}&#8220;][\/vc_column][\/vc_row][vc_row content_placement=&#8220;middle&#8220; css=&#8220;.vc_custom_1460727927848{padding-top: 0px !important;padding-bottom: 0px !important;background-color: #f2f2f2 !important;}&#8220;][vc_column css=&#8220;.vc_custom_1460635871252{padding-top: 0px !important;padding-right: 0px !important;padding-bottom: 0px !important;padding-left: 0px !important;}&#8220; offset=&#8220;vc_col-lg-6 vc_col-md-6 vc_hidden-sm vc_hidden-xs&#8220;][vc_single_image image=&#8220;678&#8243; img_size=&#8220;full&#8220; css=&#8220;.vc_custom_1459092021864{margin-bottom: 0px !important;}&#8220;][\/vc_column][vc_column css=&#8220;.vc_custom_1460636579755{padding: 20% !important;}&#8220; offset=&#8220;vc_col-lg-6 vc_col-md-6&#8243;]\n\t<div class=\"title-subtitle-box  \" style=\" text-align: left;\">\n\t\t<p  style=\"\">Weinspezifikation<\/p>\n\t\t<h1 style=\" font-style: normal;\">Eigenschaften<\/h1>\n\t<\/div> [vc_column_text]<strong>Farbe<br \/>\n<\/strong>Ziegelrot mit purpuren Reflexen<\/p>\n<p><strong>Nase<br \/>\n<\/strong>Harmonische Aromen nach roten Fr\u00fcchten, Cassis und Minze.<\/p>\n<p><strong>Gaumen<br \/>\n<\/strong>Hier best\u00e4tigen sich die Aromen der Nase zusammen mit Blaubeernoten und Kirsche. Die Tannine sind harmonisch eingebettet und sorgen f\u00fcr einen weichen und langanhaltenden Abgang.[\/vc_column_text][\/vc_column][\/vc_row][vc_row content_placement=&#8220;middle&#8220; css=&#8220;.vc_custom_1460727935440{padding-top: 0px !important;padding-bottom: 0px !important;background-color: #f2f2f2 !important;}&#8220;][vc_column css=&#8220;.vc_custom_1460636587092{padding: 20% !important;}&#8220; offset=&#8220;vc_col-lg-6 vc_col-md-6&#8243;]\n\t<div class=\"title-subtitle-box  \" style=\" text-align: left;\">\n\t\t<p  style=\"\">Weinspezifikation<\/p>\n\t\t<h1 style=\" font-style: normal;\">Lagerung &amp; Auszeichnungen<\/h1>\n\t<\/div> [vc_column_text]<strong>Lagerf\u00e4higkeit<br \/>\n<\/strong>mindestens 15 Jahre<br \/>\n<strong>Auszeichnungen<\/strong><br \/>\n2021 Mundus Vini Gold Medal[\/vc_column_text][\/vc_column][vc_column css=&#8220;.vc_custom_1460635878309{padding-top: 0px !important;padding-right: 0px !important;padding-bottom: 0px !important;padding-left: 0px !important;}&#8220; offset=&#8220;vc_col-lg-6 vc_col-md-6 vc_hidden-sm vc_hidden-xs&#8220;][vc_single_image image=&#8220;2644&#8243; img_size=&#8220;medium&#8220; alignment=&#8220;center&#8220; css=&#8220;.vc_custom_1625586424196{margin-bottom: 0px !important;}&#8220;][\/vc_column][\/vc_row]<\/p>\n","protected":false},"excerpt":{"rendered":"<p>Limitierte Auflage eines hochstehenden, genussvollen Cabernets Reserve<\/p>\n","protected":false},"featured_media":2380,"comment_status":"open","ping_status":"closed","template":"","meta":[],"product_cat":[29],"product_tag":[33,31],"class_list":["post-2526","product","type-product","status-publish","has-post-thumbnail","hentry","product_cat-rotwein","product_tag-cabernet-sauvignon","product_tag-rotwein"],"yoast_head":"<!-- This site is optimized with the Yoast SEO plugin v17.7.1 - https:\/\/yoast.com\/wordpress\/plugins\/seo\/ -->\n<title>Tregea Reserve Cabernet Sauvignon - winehombres<\/title>\n<meta name=\"robots\" content=\"index, follow, max-snippet:-1, max-image-preview:large, max-video-preview:-1\" \/>\n<link rel=\"canonical\" href=\"https:\/\/winehombres.com\/wp3\/product\/tregea\/\" \/>\n<meta property=\"og:locale\" content=\"de_DE\" \/>\n<meta property=\"og:type\" content=\"article\" \/>\n<meta property=\"og:title\" content=\"Tregea Reserve Cabernet Sauvignon - winehombres\" \/>\n<meta property=\"og:description\" content=\"Limitierte Auflage eines hochstehenden, genussvollen Cabernets Reserve\" \/>\n<meta property=\"og:url\" content=\"https:\/\/winehombres.com\/wp3\/product\/tregea\/\" \/>\n<meta property=\"og:site_name\" content=\"winehombres\" \/>\n<meta property=\"article:modified_time\" content=\"2021-12-01T20:09:28+00:00\" \/>\n<meta property=\"og:image\" content=\"https:\/\/winehombres.com\/wp3\/wp-content\/uploads\/2021\/06\/Kilikanoon-Tregea-Reserve-Cabernet-NV-e1625589365801.png\" \/>\n\t<meta property=\"og:image:width\" content=\"350\" \/>\n\t<meta property=\"og:image:height\" content=\"1326\" \/>\n<meta name=\"twitter:card\" content=\"summary_large_image\" \/>\n<meta name=\"twitter:label1\" content=\"Gesch\u00e4tzte Lesezeit\" \/>\n\t<meta name=\"twitter:data1\" content=\"2\u00a0Minuten\" \/>\n<script type=\"application\/ld+json\" class=\"yoast-schema-graph\">{\"@context\":\"https:\/\/schema.org\",\"@graph\":[{\"@type\":\"Organization\",\"@id\":\"https:\/\/winehombres.com\/wp3\/#organization\",\"name\":\"winehombres\",\"url\":\"https:\/\/winehombres.com\/wp3\/\",\"sameAs\":[],\"logo\":{\"@type\":\"ImageObject\",\"@id\":\"https:\/\/winehombres.com\/wp3\/#logo\",\"inLanguage\":\"de\",\"url\":\"https:\/\/winehombres.com\/wp3\/wp-content\/uploads\/2021\/06\/Logo_silver.png\",\"contentUrl\":\"https:\/\/winehombres.com\/wp3\/wp-content\/uploads\/2021\/06\/Logo_silver.png\",\"width\":8829,\"height\":5606,\"caption\":\"winehombres\"},\"image\":{\"@id\":\"https:\/\/winehombres.com\/wp3\/#logo\"}},{\"@type\":\"WebSite\",\"@id\":\"https:\/\/winehombres.com\/wp3\/#website\",\"url\":\"https:\/\/winehombres.com\/wp3\/\",\"name\":\"winehombres\",\"description\":\"winehombres kilikanoon weinshop\",\"publisher\":{\"@id\":\"https:\/\/winehombres.com\/wp3\/#organization\"},\"potentialAction\":[{\"@type\":\"SearchAction\",\"target\":{\"@type\":\"EntryPoint\",\"urlTemplate\":\"https:\/\/winehombres.com\/wp3\/?s={search_term_string}\"},\"query-input\":\"required name=search_term_string\"}],\"inLanguage\":\"de\"},{\"@type\":\"ImageObject\",\"@id\":\"https:\/\/winehombres.com\/wp3\/product\/tregea\/#primaryimage\",\"inLanguage\":\"de\",\"url\":\"https:\/\/winehombres.com\/wp3\/wp-content\/uploads\/2021\/06\/Kilikanoon-Tregea-Reserve-Cabernet-NV-e1625589365801.png\",\"contentUrl\":\"https:\/\/winehombres.com\/wp3\/wp-content\/uploads\/2021\/06\/Kilikanoon-Tregea-Reserve-Cabernet-NV-e1625589365801.png\",\"width\":350,\"height\":1326},{\"@type\":\"WebPage\",\"@id\":\"https:\/\/winehombres.com\/wp3\/product\/tregea\/#webpage\",\"url\":\"https:\/\/winehombres.com\/wp3\/product\/tregea\/\",\"name\":\"Tregea Reserve Cabernet Sauvignon - winehombres\",\"isPartOf\":{\"@id\":\"https:\/\/winehombres.com\/wp3\/#website\"},\"primaryImageOfPage\":{\"@id\":\"https:\/\/winehombres.com\/wp3\/product\/tregea\/#primaryimage\"},\"datePublished\":\"2021-06-24T19:24:23+00:00\",\"dateModified\":\"2021-12-01T20:09:28+00:00\",\"breadcrumb\":{\"@id\":\"https:\/\/winehombres.com\/wp3\/product\/tregea\/#breadcrumb\"},\"inLanguage\":\"de\",\"potentialAction\":[{\"@type\":\"ReadAction\",\"target\":[\"https:\/\/winehombres.com\/wp3\/product\/tregea\/\"]}]},{\"@type\":\"BreadcrumbList\",\"@id\":\"https:\/\/winehombres.com\/wp3\/product\/tregea\/#breadcrumb\",\"itemListElement\":[{\"@type\":\"ListItem\",\"position\":1,\"name\":\"Startseite\",\"item\":\"https:\/\/winehombres.com\/wp3\/\"},{\"@type\":\"ListItem\",\"position\":2,\"name\":\"Kilikanoon Weine\",\"item\":\"https:\/\/winehombres.com\/wp3\/wines\/\"},{\"@type\":\"ListItem\",\"position\":3,\"name\":\"Tregea Reserve Cabernet Sauvignon\"}]}]}<\/script>\n<!-- \/ Yoast SEO plugin. -->","yoast_head_json":{"title":"Tregea Reserve Cabernet Sauvignon - winehombres","robots":{"index":"index","follow":"follow","max-snippet":"max-snippet:-1","max-image-preview":"max-image-preview:large","max-video-preview":"max-video-preview:-1"},"canonical":"https:\/\/winehombres.com\/wp3\/product\/tregea\/","og_locale":"de_DE","og_type":"article","og_title":"Tregea Reserve Cabernet Sauvignon - winehombres","og_description":"Limitierte Auflage eines hochstehenden, genussvollen Cabernets Reserve","og_url":"https:\/\/winehombres.com\/wp3\/product\/tregea\/","og_site_name":"winehombres","article_modified_time":"2021-12-01T20:09:28+00:00","og_image":[{"width":350,"height":1326,"url":"https:\/\/winehombres.com\/wp3\/wp-content\/uploads\/2021\/06\/Kilikanoon-Tregea-Reserve-Cabernet-NV-e1625589365801.png","type":"image\/png"}],"twitter_card":"summary_large_image","twitter_misc":{"Gesch\u00e4tzte Lesezeit":"2\u00a0Minuten"},"schema":{"@context":"https:\/\/schema.org","@graph":[{"@type":"Organization","@id":"https:\/\/winehombres.com\/wp3\/#organization","name":"winehombres","url":"https:\/\/winehombres.com\/wp3\/","sameAs":[],"logo":{"@type":"ImageObject","@id":"https:\/\/winehombres.com\/wp3\/#logo","inLanguage":"de","url":"https:\/\/winehombres.com\/wp3\/wp-content\/uploads\/2021\/06\/Logo_silver.png","contentUrl":"https:\/\/winehombres.com\/wp3\/wp-content\/uploads\/2021\/06\/Logo_silver.png","width":8829,"height":5606,"caption":"winehombres"},"image":{"@id":"https:\/\/winehombres.com\/wp3\/#logo"}},{"@type":"WebSite","@id":"https:\/\/winehombres.com\/wp3\/#website","url":"https:\/\/winehombres.com\/wp3\/","name":"winehombres","description":"winehombres kilikanoon weinshop","publisher":{"@id":"https:\/\/winehombres.com\/wp3\/#organization"},"potentialAction":[{"@type":"SearchAction","target":{"@type":"EntryPoint","urlTemplate":"https:\/\/winehombres.com\/wp3\/?s={search_term_string}"},"query-input":"required name=search_term_string"}],"inLanguage":"de"},{"@type":"ImageObject","@id":"https:\/\/winehombres.com\/wp3\/product\/tregea\/#primaryimage","inLanguage":"de","url":"https:\/\/winehombres.com\/wp3\/wp-content\/uploads\/2021\/06\/Kilikanoon-Tregea-Reserve-Cabernet-NV-e1625589365801.png","contentUrl":"https:\/\/winehombres.com\/wp3\/wp-content\/uploads\/2021\/06\/Kilikanoon-Tregea-Reserve-Cabernet-NV-e1625589365801.png","width":350,"height":1326},{"@type":"WebPage","@id":"https:\/\/winehombres.com\/wp3\/product\/tregea\/#webpage","url":"https:\/\/winehombres.com\/wp3\/product\/tregea\/","name":"Tregea Reserve Cabernet Sauvignon - winehombres","isPartOf":{"@id":"https:\/\/winehombres.com\/wp3\/#website"},"primaryImageOfPage":{"@id":"https:\/\/winehombres.com\/wp3\/product\/tregea\/#primaryimage"},"datePublished":"2021-06-24T19:24:23+00:00","dateModified":"2021-12-01T20:09:28+00:00","breadcrumb":{"@id":"https:\/\/winehombres.com\/wp3\/product\/tregea\/#breadcrumb"},"inLanguage":"de","potentialAction":[{"@type":"ReadAction","target":["https:\/\/winehombres.com\/wp3\/product\/tregea\/"]}]},{"@type":"BreadcrumbList","@id":"https:\/\/winehombres.com\/wp3\/product\/tregea\/#breadcrumb","itemListElement":[{"@type":"ListItem","position":1,"name":"Startseite","item":"https:\/\/winehombres.com\/wp3\/"},{"@type":"ListItem","position":2,"name":"Kilikanoon Weine","item":"https:\/\/winehombres.com\/wp3\/wines\/"},{"@type":"ListItem","position":3,"name":"Tregea Reserve Cabernet Sauvignon"}]}]}},"_links":{"self":[{"href":"https:\/\/winehombres.com\/wp3\/wp-json\/wp\/v2\/product\/2526","targetHints":{"allow":["GET"]}}],"collection":[{"href":"https:\/\/winehombres.com\/wp3\/wp-json\/wp\/v2\/product"}],"about":[{"href":"https:\/\/winehombres.com\/wp3\/wp-json\/wp\/v2\/types\/product"}],"replies":[{"embeddable":true,"href":"https:\/\/winehombres.com\/wp3\/wp-json\/wp\/v2\/comments?post=2526"}],"wp:featuredmedia":[{"embeddable":true,"href":"https:\/\/winehombres.com\/wp3\/wp-json\/wp\/v2\/media\/2380"}],"wp:attachment":[{"href":"https:\/\/winehombres.com\/wp3\/wp-json\/wp\/v2\/media?parent=2526"}],"wp:term":[{"taxonomy":"product_cat","embeddable":true,"href":"https:\/\/winehombres.com\/wp3\/wp-json\/wp\/v2\/product_cat?post=2526"},{"taxonomy":"product_tag","embeddable":true,"href":"https:\/\/winehombres.com\/wp3\/wp-json\/wp\/v2\/product_tag?post=2526"}],"curies":[{"name":"wp","href":"https:\/\/api.w.org\/{rel}","templated":true}]}}