{"id":2536,"date":"2021-06-24T19:42:33","date_gmt":"2021-06-24T19:42:33","guid":{"rendered":"https:\/\/winehombres.com\/wp3\/?post_type=product&#038;p=2536"},"modified":"2021-12-01T19:16:02","modified_gmt":"2021-12-01T19:16:02","slug":"prodigal","status":"publish","type":"product","link":"https:\/\/winehombres.com\/wp3\/product\/prodigal\/","title":{"rendered":"Prodigal Grenache"},"content":{"rendered":"<p>[vc_row content_placement=&#8220;middle&#8220; css=&#8220;.vc_custom_1460727920666{padding-top: 0px !important;padding-bottom: 0px !important;background-color: #f2f2f2 !important;}&#8220;][vc_column css=&#8220;.vc_custom_1460636569719{padding: 20% !important;}&#8220; offset=&#8220;vc_col-lg-6 vc_col-md-6&#8243;]\n\t<div class=\"title-subtitle-box  \" style=\" text-align: left;\">\n\t\t<p  style=\"\">Weinspezifikation<\/p>\n\t\t<h1 style=\" font-style: normal;\">Beschreibung<\/h1>\n\t<\/div> [vc_column_text css=&#8220;.vc_custom_1624564015752{margin-bottom: 0px !important;}&#8220;]Der Prodigal wurde 1997 erstmals hergestellt und ist definitiv immer noch einer der sentimentalen Favoriten im Kilikanoon-Portfolio. Er setzt weiterhin Massst\u00e4be f\u00fcr die Grenache Weine aus dem Clare Valley.<br \/>\nJedes Parzelle wurde einzeln geerntet und w\u00e4hrend des gesamten Weinherstellungsprozesses bis zur endg\u00fcltigen Assemblage getrennt vinifiziert. Der Ausbau erfolgt w\u00e4hrend 15 Monaten in franz\u00f6sischen &#8222;Hogheads&#8220; (225-250lt). Die Abf\u00fcllung erfolgt ungefiltert und ohne Sch\u00f6nung.[\/vc_column_text][\/vc_column][vc_column css=&#8220;.vc_custom_1460635864072{padding-top: 0px !important;padding-right: 0px !important;padding-bottom: 0px !important;padding-left: 0px !important;}&#8220; offset=&#8220;vc_col-lg-6 vc_col-md-6 vc_hidden-sm vc_hidden-xs&#8220;][vc_single_image image=&#8220;677&#8243; img_size=&#8220;full&#8220; css=&#8220;.vc_custom_1625309327707{margin-bottom: 0px !important;}&#8220;][\/vc_column][\/vc_row][vc_row content_placement=&#8220;middle&#8220; css=&#8220;.vc_custom_1460727927848{padding-top: 0px !important;padding-bottom: 0px !important;background-color: #f2f2f2 !important;}&#8220;][vc_column css=&#8220;.vc_custom_1460635871252{padding-top: 0px !important;padding-right: 0px !important;padding-bottom: 0px !important;padding-left: 0px !important;}&#8220; offset=&#8220;vc_col-lg-6 vc_col-md-6 vc_hidden-sm vc_hidden-xs&#8220;][vc_single_image image=&#8220;678&#8243; img_size=&#8220;full&#8220; css=&#8220;.vc_custom_1459092021864{margin-bottom: 0px !important;}&#8220;][\/vc_column][vc_column css=&#8220;.vc_custom_1460636579755{padding: 20% !important;}&#8220; offset=&#8220;vc_col-lg-6 vc_col-md-6&#8243;]\n\t<div class=\"title-subtitle-box  \" style=\" text-align: left;\">\n\t\t<p  style=\"\">Weinspezifikation<\/p>\n\t\t<h1 style=\" font-style: normal;\">Eigenschaften<\/h1>\n\t<\/div> [vc_column_text]<strong>Farbe<br \/>\n<\/strong>Ziegelrote Farbe mit jugendlichen purpurroten Farbt\u00f6nen.<br \/>\n<strong>Nase<\/strong><br \/>\nIn der Nase sind kr\u00e4ftige Aromen von dunklen Kirschen, subtilen Noten von rauchiger Eiche und Marzipan stark ausgepr\u00e4gt.<br \/>\n<strong>Gaumen<\/strong><br \/>\nEin frischer und lebendiger Gaumen, der gleichzeitig dunkel und erhaben ist. Die Kombination aus reifen Kirschen, dunkler Schokolade und Gew\u00fcrzen passt perfekt zu den weichen Tanninen und Eicheneinfl\u00fcssen und rundet zu einem langen, schmackhaften Abgang ab.[\/vc_column_text][\/vc_column][\/vc_row][vc_row content_placement=&#8220;middle&#8220; css=&#8220;.vc_custom_1460727935440{padding-top: 0px !important;padding-bottom: 0px !important;background-color: #f2f2f2 !important;}&#8220;][vc_column css=&#8220;.vc_custom_1460636587092{padding: 20% !important;}&#8220; offset=&#8220;vc_col-lg-6 vc_col-md-6&#8243;]\n\t<div class=\"title-subtitle-box  \" style=\" text-align: left;\">\n\t\t<p  style=\"\">Weinspezifikation<\/p>\n\t\t<h1 style=\" font-style: normal;\">Lagerung &amp; Auszeichnungen<\/h1>\n\t<\/div> [vc_column_text]<strong>Lagerf\u00e4higkeit<br \/>\n<\/strong>mindestens 10 Jahre<br \/>\n<strong>Auszeichnungen<\/strong><br \/>\n2021 Mundus Vini Gold Medal[\/vc_column_text][\/vc_column][vc_column css=&#8220;.vc_custom_1460635878309{padding-top: 0px !important;padding-right: 0px !important;padding-bottom: 0px !important;padding-left: 0px !important;}&#8220; offset=&#8220;vc_col-lg-6 vc_col-md-6 vc_hidden-sm vc_hidden-xs&#8220;][vc_single_image image=&#8220;2399&#8243; img_size=&#8220;medium&#8220; alignment=&#8220;center&#8220; css=&#8220;.vc_custom_1625586139511{margin-bottom: 0px !important;}&#8220;][\/vc_column][\/vc_row]<\/p>\n","protected":false},"excerpt":{"rendered":"<p>Fruchtig, lebendig und erhaben. Das ist Prodigal pur.<\/p>\n","protected":false},"featured_media":2388,"comment_status":"open","ping_status":"closed","template":"","meta":[],"product_cat":[29],"product_tag":[34,31],"class_list":["post-2536","product","type-product","status-publish","has-post-thumbnail","hentry","product_cat-rotwein","product_tag-grenache","product_tag-rotwein"],"yoast_head":"<!-- This site is optimized with the Yoast SEO plugin v17.7.1 - https:\/\/yoast.com\/wordpress\/plugins\/seo\/ -->\n<title>Prodigal Grenache - winehombres<\/title>\n<meta name=\"robots\" content=\"index, follow, max-snippet:-1, max-image-preview:large, max-video-preview:-1\" \/>\n<link rel=\"canonical\" href=\"https:\/\/winehombres.com\/wp3\/product\/prodigal\/\" \/>\n<meta property=\"og:locale\" content=\"de_DE\" \/>\n<meta property=\"og:type\" content=\"article\" \/>\n<meta property=\"og:title\" content=\"Prodigal Grenache - winehombres\" \/>\n<meta property=\"og:description\" content=\"Fruchtig, lebendig und erhaben. Das ist Prodigal pur.\" \/>\n<meta property=\"og:url\" content=\"https:\/\/winehombres.com\/wp3\/product\/prodigal\/\" \/>\n<meta property=\"og:site_name\" content=\"winehombres\" \/>\n<meta property=\"article:modified_time\" content=\"2021-12-01T19:16:02+00:00\" \/>\n<meta property=\"og:image\" content=\"https:\/\/winehombres.com\/wp3\/wp-content\/uploads\/2021\/06\/NV-Kilikanoon-Prodigal-Grenache-e1625589249911.png\" \/>\n\t<meta property=\"og:image:width\" content=\"350\" \/>\n\t<meta property=\"og:image:height\" content=\"1210\" \/>\n<meta name=\"twitter:card\" content=\"summary_large_image\" \/>\n<meta name=\"twitter:label1\" content=\"Gesch\u00e4tzte Lesezeit\" \/>\n\t<meta name=\"twitter:data1\" content=\"2\u00a0Minuten\" \/>\n<script type=\"application\/ld+json\" class=\"yoast-schema-graph\">{\"@context\":\"https:\/\/schema.org\",\"@graph\":[{\"@type\":\"Organization\",\"@id\":\"https:\/\/winehombres.com\/wp3\/#organization\",\"name\":\"winehombres\",\"url\":\"https:\/\/winehombres.com\/wp3\/\",\"sameAs\":[],\"logo\":{\"@type\":\"ImageObject\",\"@id\":\"https:\/\/winehombres.com\/wp3\/#logo\",\"inLanguage\":\"de\",\"url\":\"https:\/\/winehombres.com\/wp3\/wp-content\/uploads\/2021\/06\/Logo_silver.png\",\"contentUrl\":\"https:\/\/winehombres.com\/wp3\/wp-content\/uploads\/2021\/06\/Logo_silver.png\",\"width\":8829,\"height\":5606,\"caption\":\"winehombres\"},\"image\":{\"@id\":\"https:\/\/winehombres.com\/wp3\/#logo\"}},{\"@type\":\"WebSite\",\"@id\":\"https:\/\/winehombres.com\/wp3\/#website\",\"url\":\"https:\/\/winehombres.com\/wp3\/\",\"name\":\"winehombres\",\"description\":\"winehombres kilikanoon weinshop\",\"publisher\":{\"@id\":\"https:\/\/winehombres.com\/wp3\/#organization\"},\"potentialAction\":[{\"@type\":\"SearchAction\",\"target\":{\"@type\":\"EntryPoint\",\"urlTemplate\":\"https:\/\/winehombres.com\/wp3\/?s={search_term_string}\"},\"query-input\":\"required name=search_term_string\"}],\"inLanguage\":\"de\"},{\"@type\":\"ImageObject\",\"@id\":\"https:\/\/winehombres.com\/wp3\/product\/prodigal\/#primaryimage\",\"inLanguage\":\"de\",\"url\":\"https:\/\/winehombres.com\/wp3\/wp-content\/uploads\/2021\/06\/NV-Kilikanoon-Prodigal-Grenache-e1625589249911.png\",\"contentUrl\":\"https:\/\/winehombres.com\/wp3\/wp-content\/uploads\/2021\/06\/NV-Kilikanoon-Prodigal-Grenache-e1625589249911.png\",\"width\":350,\"height\":1210},{\"@type\":\"WebPage\",\"@id\":\"https:\/\/winehombres.com\/wp3\/product\/prodigal\/#webpage\",\"url\":\"https:\/\/winehombres.com\/wp3\/product\/prodigal\/\",\"name\":\"Prodigal Grenache - winehombres\",\"isPartOf\":{\"@id\":\"https:\/\/winehombres.com\/wp3\/#website\"},\"primaryImageOfPage\":{\"@id\":\"https:\/\/winehombres.com\/wp3\/product\/prodigal\/#primaryimage\"},\"datePublished\":\"2021-06-24T19:42:33+00:00\",\"dateModified\":\"2021-12-01T19:16:02+00:00\",\"breadcrumb\":{\"@id\":\"https:\/\/winehombres.com\/wp3\/product\/prodigal\/#breadcrumb\"},\"inLanguage\":\"de\",\"potentialAction\":[{\"@type\":\"ReadAction\",\"target\":[\"https:\/\/winehombres.com\/wp3\/product\/prodigal\/\"]}]},{\"@type\":\"BreadcrumbList\",\"@id\":\"https:\/\/winehombres.com\/wp3\/product\/prodigal\/#breadcrumb\",\"itemListElement\":[{\"@type\":\"ListItem\",\"position\":1,\"name\":\"Startseite\",\"item\":\"https:\/\/winehombres.com\/wp3\/\"},{\"@type\":\"ListItem\",\"position\":2,\"name\":\"Kilikanoon Weine\",\"item\":\"https:\/\/winehombres.com\/wp3\/wines\/\"},{\"@type\":\"ListItem\",\"position\":3,\"name\":\"Prodigal Grenache\"}]}]}<\/script>\n<!-- \/ Yoast SEO plugin. -->","yoast_head_json":{"title":"Prodigal Grenache - winehombres","robots":{"index":"index","follow":"follow","max-snippet":"max-snippet:-1","max-image-preview":"max-image-preview:large","max-video-preview":"max-video-preview:-1"},"canonical":"https:\/\/winehombres.com\/wp3\/product\/prodigal\/","og_locale":"de_DE","og_type":"article","og_title":"Prodigal Grenache - winehombres","og_description":"Fruchtig, lebendig und erhaben. Das ist Prodigal pur.","og_url":"https:\/\/winehombres.com\/wp3\/product\/prodigal\/","og_site_name":"winehombres","article_modified_time":"2021-12-01T19:16:02+00:00","og_image":[{"width":350,"height":1210,"url":"https:\/\/winehombres.com\/wp3\/wp-content\/uploads\/2021\/06\/NV-Kilikanoon-Prodigal-Grenache-e1625589249911.png","type":"image\/png"}],"twitter_card":"summary_large_image","twitter_misc":{"Gesch\u00e4tzte Lesezeit":"2\u00a0Minuten"},"schema":{"@context":"https:\/\/schema.org","@graph":[{"@type":"Organization","@id":"https:\/\/winehombres.com\/wp3\/#organization","name":"winehombres","url":"https:\/\/winehombres.com\/wp3\/","sameAs":[],"logo":{"@type":"ImageObject","@id":"https:\/\/winehombres.com\/wp3\/#logo","inLanguage":"de","url":"https:\/\/winehombres.com\/wp3\/wp-content\/uploads\/2021\/06\/Logo_silver.png","contentUrl":"https:\/\/winehombres.com\/wp3\/wp-content\/uploads\/2021\/06\/Logo_silver.png","width":8829,"height":5606,"caption":"winehombres"},"image":{"@id":"https:\/\/winehombres.com\/wp3\/#logo"}},{"@type":"WebSite","@id":"https:\/\/winehombres.com\/wp3\/#website","url":"https:\/\/winehombres.com\/wp3\/","name":"winehombres","description":"winehombres kilikanoon weinshop","publisher":{"@id":"https:\/\/winehombres.com\/wp3\/#organization"},"potentialAction":[{"@type":"SearchAction","target":{"@type":"EntryPoint","urlTemplate":"https:\/\/winehombres.com\/wp3\/?s={search_term_string}"},"query-input":"required name=search_term_string"}],"inLanguage":"de"},{"@type":"ImageObject","@id":"https:\/\/winehombres.com\/wp3\/product\/prodigal\/#primaryimage","inLanguage":"de","url":"https:\/\/winehombres.com\/wp3\/wp-content\/uploads\/2021\/06\/NV-Kilikanoon-Prodigal-Grenache-e1625589249911.png","contentUrl":"https:\/\/winehombres.com\/wp3\/wp-content\/uploads\/2021\/06\/NV-Kilikanoon-Prodigal-Grenache-e1625589249911.png","width":350,"height":1210},{"@type":"WebPage","@id":"https:\/\/winehombres.com\/wp3\/product\/prodigal\/#webpage","url":"https:\/\/winehombres.com\/wp3\/product\/prodigal\/","name":"Prodigal Grenache - winehombres","isPartOf":{"@id":"https:\/\/winehombres.com\/wp3\/#website"},"primaryImageOfPage":{"@id":"https:\/\/winehombres.com\/wp3\/product\/prodigal\/#primaryimage"},"datePublished":"2021-06-24T19:42:33+00:00","dateModified":"2021-12-01T19:16:02+00:00","breadcrumb":{"@id":"https:\/\/winehombres.com\/wp3\/product\/prodigal\/#breadcrumb"},"inLanguage":"de","potentialAction":[{"@type":"ReadAction","target":["https:\/\/winehombres.com\/wp3\/product\/prodigal\/"]}]},{"@type":"BreadcrumbList","@id":"https:\/\/winehombres.com\/wp3\/product\/prodigal\/#breadcrumb","itemListElement":[{"@type":"ListItem","position":1,"name":"Startseite","item":"https:\/\/winehombres.com\/wp3\/"},{"@type":"ListItem","position":2,"name":"Kilikanoon Weine","item":"https:\/\/winehombres.com\/wp3\/wines\/"},{"@type":"ListItem","position":3,"name":"Prodigal Grenache"}]}]}},"_links":{"self":[{"href":"https:\/\/winehombres.com\/wp3\/wp-json\/wp\/v2\/product\/2536","targetHints":{"allow":["GET"]}}],"collection":[{"href":"https:\/\/winehombres.com\/wp3\/wp-json\/wp\/v2\/product"}],"about":[{"href":"https:\/\/winehombres.com\/wp3\/wp-json\/wp\/v2\/types\/product"}],"replies":[{"embeddable":true,"href":"https:\/\/winehombres.com\/wp3\/wp-json\/wp\/v2\/comments?post=2536"}],"wp:featuredmedia":[{"embeddable":true,"href":"https:\/\/winehombres.com\/wp3\/wp-json\/wp\/v2\/media\/2388"}],"wp:attachment":[{"href":"https:\/\/winehombres.com\/wp3\/wp-json\/wp\/v2\/media?parent=2536"}],"wp:term":[{"taxonomy":"product_cat","embeddable":true,"href":"https:\/\/winehombres.com\/wp3\/wp-json\/wp\/v2\/product_cat?post=2536"},{"taxonomy":"product_tag","embeddable":true,"href":"https:\/\/winehombres.com\/wp3\/wp-json\/wp\/v2\/product_tag?post=2536"}],"curies":[{"name":"wp","href":"https:\/\/api.w.org\/{rel}","templated":true}]}}