{"id":2544,"date":"2021-06-24T19:56:21","date_gmt":"2021-06-24T19:56:21","guid":{"rendered":"https:\/\/winehombres.com\/wp3\/?post_type=product&#038;p=2544"},"modified":"2021-12-01T20:03:52","modified_gmt":"2021-12-01T20:03:52","slug":"skillyvalley","status":"publish","type":"product","link":"https:\/\/winehombres.com\/wp3\/product\/skillyvalley\/","title":{"rendered":"Skilly Valley Pinot Gris"},"content":{"rendered":"<p>[vc_row content_placement=&#8220;middle&#8220; css=&#8220;.vc_custom_1460727920666{padding-top: 0px !important;padding-bottom: 0px !important;background-color: #f2f2f2 !important;}&#8220;][vc_column css=&#8220;.vc_custom_1460636569719{padding: 20% !important;}&#8220; offset=&#8220;vc_col-lg-6 vc_col-md-6&#8243;]\n\t<div class=\"title-subtitle-box  \" style=\" text-align: left;\">\n\t\t<p  style=\"\">Weinspezifikation<\/p>\n\t\t<h1 style=\" font-style: normal;\">Beschreibung<\/h1>\n\t<\/div> [vc_column_text css=&#8220;.vc_custom_1624564710244{margin-bottom: 0px !important;}&#8220;]Aus Trauben, die haupts\u00e4chlich aus dem Weinberg Skilly Valley mit k\u00fchlem Klima in der N\u00e4he der malerischen Kellert\u00fcr von Kilikanoon stammt. Hinzu kommen noch Trauben aus dem h\u00f6hergelegenen Weinberg Trillians Hill in Penwortham.[\/vc_column_text][\/vc_column][vc_column css=&#8220;.vc_custom_1460635864072{padding-top: 0px !important;padding-right: 0px !important;padding-bottom: 0px !important;padding-left: 0px !important;}&#8220; offset=&#8220;vc_col-lg-6 vc_col-md-6 vc_hidden-sm vc_hidden-xs&#8220;][vc_single_image image=&#8220;2657&#8243; img_size=&#8220;full&#8220; css=&#8220;.vc_custom_1625588729013{margin-bottom: 0px !important;}&#8220;][\/vc_column][\/vc_row][vc_row content_placement=&#8220;middle&#8220; css=&#8220;.vc_custom_1460727927848{padding-top: 0px !important;padding-bottom: 0px !important;background-color: #f2f2f2 !important;}&#8220;][vc_column css=&#8220;.vc_custom_1460635871252{padding-top: 0px !important;padding-right: 0px !important;padding-bottom: 0px !important;padding-left: 0px !important;}&#8220; offset=&#8220;vc_col-lg-6 vc_col-md-6 vc_hidden-sm vc_hidden-xs&#8220;][vc_single_image image=&#8220;2655&#8243; img_size=&#8220;full&#8220; css=&#8220;.vc_custom_1625588759626{margin-bottom: 0px !important;}&#8220;][\/vc_column][vc_column css=&#8220;.vc_custom_1460636579755{padding: 20% !important;}&#8220; offset=&#8220;vc_col-lg-6 vc_col-md-6&#8243;]\n\t<div class=\"title-subtitle-box  \" style=\" text-align: left;\">\n\t\t<p  style=\"\">Weinspezifikation<\/p>\n\t\t<h1 style=\" font-style: normal;\">Eigenschaften<\/h1>\n\t<\/div> [vc_column_text]<strong>Farbe<br \/>\n<\/strong>Blasses Strohgelb mit einigen subtilen &#8222;Gris&#8220;-Farbt\u00f6nen. Brilliant in der Klarheit.<br \/>\n<strong>Nase<\/strong><br \/>\nVorstechende Aromen von Birne, gr\u00fcnem Apfel, leichtem Zimtgew\u00fcrz und frischer Quitte beleben die Nase.<br \/>\n<strong>Gaumen<\/strong><br \/>\nFrisch und lebendig mit einer abgerundeten Textur. Im Gaumen st\u00fctzt die Knackigkeit die frischen Aromen von gr\u00fcnen \u00c4pfeln, Birnen und gerade gepfl\u00fcckten Quitten mit den exotischen, w\u00fcrzigen Untert\u00f6nen von Zimt und Nelken in einem langen und verw\u00f6hnenden Abgang.[\/vc_column_text][\/vc_column][\/vc_row][vc_row content_placement=&#8220;middle&#8220; css=&#8220;.vc_custom_1460727935440{padding-top: 0px !important;padding-bottom: 0px !important;background-color: #f2f2f2 !important;}&#8220;][vc_column css=&#8220;.vc_custom_1460636587092{padding: 20% !important;}&#8220; offset=&#8220;vc_col-lg-6 vc_col-md-6&#8243;]\n\t<div class=\"title-subtitle-box  \" style=\" text-align: left;\">\n\t\t<p  style=\"\">Weinspezifikation<\/p>\n\t\t<h1 style=\" font-style: normal;\">Lagerung &amp; Auszeichnungen<\/h1>\n\t<\/div> [vc_column_text]<strong>Lagerf\u00e4higkeit<br \/>\n<\/strong>mindestens 3 Jahre[\/vc_column_text][\/vc_column][vc_column css=&#8220;.vc_custom_1460635878309{padding-top: 0px !important;padding-right: 0px !important;padding-bottom: 0px !important;padding-left: 0px !important;}&#8220; offset=&#8220;vc_col-lg-6 vc_col-md-6 vc_hidden-sm vc_hidden-xs&#8220;][vc_single_image image=&#8220;2656&#8243; img_size=&#8220;full&#8220; css=&#8220;.vc_custom_1625588773700{margin-bottom: 0px !important;}&#8220;][\/vc_column][\/vc_row]<\/p>\n","protected":false},"excerpt":{"rendered":"<p>Ap\u00e9ro-Time? Aber nicht ohne Skilly Valley bitte.<\/p>\n","protected":false},"featured_media":2382,"comment_status":"open","ping_status":"closed","template":"","meta":[],"product_cat":[30],"product_tag":[37,35],"class_list":["post-2544","product","type-product","status-publish","has-post-thumbnail","hentry","product_cat-weisswein","product_tag-pinot-gris","product_tag-weisswein"],"yoast_head":"<!-- This site is optimized with the Yoast SEO plugin v17.7.1 - https:\/\/yoast.com\/wordpress\/plugins\/seo\/ -->\n<title>Skilly Valley Pinot Gris - winehombres<\/title>\n<meta name=\"robots\" content=\"index, follow, max-snippet:-1, max-image-preview:large, max-video-preview:-1\" \/>\n<link rel=\"canonical\" href=\"https:\/\/winehombres.com\/wp3\/product\/skillyvalley\/\" \/>\n<meta property=\"og:locale\" content=\"de_DE\" \/>\n<meta property=\"og:type\" content=\"article\" \/>\n<meta property=\"og:title\" content=\"Skilly Valley Pinot Gris - winehombres\" \/>\n<meta property=\"og:description\" content=\"Ap\u00e9ro-Time? Aber nicht ohne Skilly Valley bitte.\" \/>\n<meta property=\"og:url\" content=\"https:\/\/winehombres.com\/wp3\/product\/skillyvalley\/\" \/>\n<meta property=\"og:site_name\" content=\"winehombres\" \/>\n<meta property=\"article:modified_time\" content=\"2021-12-01T20:03:52+00:00\" \/>\n<meta property=\"og:image\" content=\"https:\/\/winehombres.com\/wp3\/wp-content\/uploads\/2021\/06\/NV-Skilly-Valley-Pinot-Gris-e1625589140732.png\" \/>\n\t<meta property=\"og:image:width\" content=\"350\" \/>\n\t<meta property=\"og:image:height\" content=\"1439\" \/>\n<meta name=\"twitter:card\" content=\"summary_large_image\" \/>\n<meta name=\"twitter:label1\" content=\"Gesch\u00e4tzte Lesezeit\" \/>\n\t<meta name=\"twitter:data1\" content=\"2\u00a0Minuten\" \/>\n<script type=\"application\/ld+json\" class=\"yoast-schema-graph\">{\"@context\":\"https:\/\/schema.org\",\"@graph\":[{\"@type\":\"Organization\",\"@id\":\"https:\/\/winehombres.com\/wp3\/#organization\",\"name\":\"winehombres\",\"url\":\"https:\/\/winehombres.com\/wp3\/\",\"sameAs\":[],\"logo\":{\"@type\":\"ImageObject\",\"@id\":\"https:\/\/winehombres.com\/wp3\/#logo\",\"inLanguage\":\"de\",\"url\":\"https:\/\/winehombres.com\/wp3\/wp-content\/uploads\/2021\/06\/Logo_silver.png\",\"contentUrl\":\"https:\/\/winehombres.com\/wp3\/wp-content\/uploads\/2021\/06\/Logo_silver.png\",\"width\":8829,\"height\":5606,\"caption\":\"winehombres\"},\"image\":{\"@id\":\"https:\/\/winehombres.com\/wp3\/#logo\"}},{\"@type\":\"WebSite\",\"@id\":\"https:\/\/winehombres.com\/wp3\/#website\",\"url\":\"https:\/\/winehombres.com\/wp3\/\",\"name\":\"winehombres\",\"description\":\"winehombres kilikanoon weinshop\",\"publisher\":{\"@id\":\"https:\/\/winehombres.com\/wp3\/#organization\"},\"potentialAction\":[{\"@type\":\"SearchAction\",\"target\":{\"@type\":\"EntryPoint\",\"urlTemplate\":\"https:\/\/winehombres.com\/wp3\/?s={search_term_string}\"},\"query-input\":\"required name=search_term_string\"}],\"inLanguage\":\"de\"},{\"@type\":\"ImageObject\",\"@id\":\"https:\/\/winehombres.com\/wp3\/product\/skillyvalley\/#primaryimage\",\"inLanguage\":\"de\",\"url\":\"https:\/\/winehombres.com\/wp3\/wp-content\/uploads\/2021\/06\/NV-Skilly-Valley-Pinot-Gris-e1625589140732.png\",\"contentUrl\":\"https:\/\/winehombres.com\/wp3\/wp-content\/uploads\/2021\/06\/NV-Skilly-Valley-Pinot-Gris-e1625589140732.png\",\"width\":350,\"height\":1439},{\"@type\":\"WebPage\",\"@id\":\"https:\/\/winehombres.com\/wp3\/product\/skillyvalley\/#webpage\",\"url\":\"https:\/\/winehombres.com\/wp3\/product\/skillyvalley\/\",\"name\":\"Skilly Valley Pinot Gris - winehombres\",\"isPartOf\":{\"@id\":\"https:\/\/winehombres.com\/wp3\/#website\"},\"primaryImageOfPage\":{\"@id\":\"https:\/\/winehombres.com\/wp3\/product\/skillyvalley\/#primaryimage\"},\"datePublished\":\"2021-06-24T19:56:21+00:00\",\"dateModified\":\"2021-12-01T20:03:52+00:00\",\"breadcrumb\":{\"@id\":\"https:\/\/winehombres.com\/wp3\/product\/skillyvalley\/#breadcrumb\"},\"inLanguage\":\"de\",\"potentialAction\":[{\"@type\":\"ReadAction\",\"target\":[\"https:\/\/winehombres.com\/wp3\/product\/skillyvalley\/\"]}]},{\"@type\":\"BreadcrumbList\",\"@id\":\"https:\/\/winehombres.com\/wp3\/product\/skillyvalley\/#breadcrumb\",\"itemListElement\":[{\"@type\":\"ListItem\",\"position\":1,\"name\":\"Startseite\",\"item\":\"https:\/\/winehombres.com\/wp3\/\"},{\"@type\":\"ListItem\",\"position\":2,\"name\":\"Kilikanoon Weine\",\"item\":\"https:\/\/winehombres.com\/wp3\/wines\/\"},{\"@type\":\"ListItem\",\"position\":3,\"name\":\"Skilly Valley Pinot Gris\"}]}]}<\/script>\n<!-- \/ Yoast SEO plugin. -->","yoast_head_json":{"title":"Skilly Valley Pinot Gris - winehombres","robots":{"index":"index","follow":"follow","max-snippet":"max-snippet:-1","max-image-preview":"max-image-preview:large","max-video-preview":"max-video-preview:-1"},"canonical":"https:\/\/winehombres.com\/wp3\/product\/skillyvalley\/","og_locale":"de_DE","og_type":"article","og_title":"Skilly Valley Pinot Gris - winehombres","og_description":"Ap\u00e9ro-Time? Aber nicht ohne Skilly Valley bitte.","og_url":"https:\/\/winehombres.com\/wp3\/product\/skillyvalley\/","og_site_name":"winehombres","article_modified_time":"2021-12-01T20:03:52+00:00","og_image":[{"width":350,"height":1439,"url":"https:\/\/winehombres.com\/wp3\/wp-content\/uploads\/2021\/06\/NV-Skilly-Valley-Pinot-Gris-e1625589140732.png","type":"image\/png"}],"twitter_card":"summary_large_image","twitter_misc":{"Gesch\u00e4tzte Lesezeit":"2\u00a0Minuten"},"schema":{"@context":"https:\/\/schema.org","@graph":[{"@type":"Organization","@id":"https:\/\/winehombres.com\/wp3\/#organization","name":"winehombres","url":"https:\/\/winehombres.com\/wp3\/","sameAs":[],"logo":{"@type":"ImageObject","@id":"https:\/\/winehombres.com\/wp3\/#logo","inLanguage":"de","url":"https:\/\/winehombres.com\/wp3\/wp-content\/uploads\/2021\/06\/Logo_silver.png","contentUrl":"https:\/\/winehombres.com\/wp3\/wp-content\/uploads\/2021\/06\/Logo_silver.png","width":8829,"height":5606,"caption":"winehombres"},"image":{"@id":"https:\/\/winehombres.com\/wp3\/#logo"}},{"@type":"WebSite","@id":"https:\/\/winehombres.com\/wp3\/#website","url":"https:\/\/winehombres.com\/wp3\/","name":"winehombres","description":"winehombres kilikanoon weinshop","publisher":{"@id":"https:\/\/winehombres.com\/wp3\/#organization"},"potentialAction":[{"@type":"SearchAction","target":{"@type":"EntryPoint","urlTemplate":"https:\/\/winehombres.com\/wp3\/?s={search_term_string}"},"query-input":"required name=search_term_string"}],"inLanguage":"de"},{"@type":"ImageObject","@id":"https:\/\/winehombres.com\/wp3\/product\/skillyvalley\/#primaryimage","inLanguage":"de","url":"https:\/\/winehombres.com\/wp3\/wp-content\/uploads\/2021\/06\/NV-Skilly-Valley-Pinot-Gris-e1625589140732.png","contentUrl":"https:\/\/winehombres.com\/wp3\/wp-content\/uploads\/2021\/06\/NV-Skilly-Valley-Pinot-Gris-e1625589140732.png","width":350,"height":1439},{"@type":"WebPage","@id":"https:\/\/winehombres.com\/wp3\/product\/skillyvalley\/#webpage","url":"https:\/\/winehombres.com\/wp3\/product\/skillyvalley\/","name":"Skilly Valley Pinot Gris - winehombres","isPartOf":{"@id":"https:\/\/winehombres.com\/wp3\/#website"},"primaryImageOfPage":{"@id":"https:\/\/winehombres.com\/wp3\/product\/skillyvalley\/#primaryimage"},"datePublished":"2021-06-24T19:56:21+00:00","dateModified":"2021-12-01T20:03:52+00:00","breadcrumb":{"@id":"https:\/\/winehombres.com\/wp3\/product\/skillyvalley\/#breadcrumb"},"inLanguage":"de","potentialAction":[{"@type":"ReadAction","target":["https:\/\/winehombres.com\/wp3\/product\/skillyvalley\/"]}]},{"@type":"BreadcrumbList","@id":"https:\/\/winehombres.com\/wp3\/product\/skillyvalley\/#breadcrumb","itemListElement":[{"@type":"ListItem","position":1,"name":"Startseite","item":"https:\/\/winehombres.com\/wp3\/"},{"@type":"ListItem","position":2,"name":"Kilikanoon Weine","item":"https:\/\/winehombres.com\/wp3\/wines\/"},{"@type":"ListItem","position":3,"name":"Skilly Valley Pinot Gris"}]}]}},"_links":{"self":[{"href":"https:\/\/winehombres.com\/wp3\/wp-json\/wp\/v2\/product\/2544","targetHints":{"allow":["GET"]}}],"collection":[{"href":"https:\/\/winehombres.com\/wp3\/wp-json\/wp\/v2\/product"}],"about":[{"href":"https:\/\/winehombres.com\/wp3\/wp-json\/wp\/v2\/types\/product"}],"replies":[{"embeddable":true,"href":"https:\/\/winehombres.com\/wp3\/wp-json\/wp\/v2\/comments?post=2544"}],"wp:featuredmedia":[{"embeddable":true,"href":"https:\/\/winehombres.com\/wp3\/wp-json\/wp\/v2\/media\/2382"}],"wp:attachment":[{"href":"https:\/\/winehombres.com\/wp3\/wp-json\/wp\/v2\/media?parent=2544"}],"wp:term":[{"taxonomy":"product_cat","embeddable":true,"href":"https:\/\/winehombres.com\/wp3\/wp-json\/wp\/v2\/product_cat?post=2544"},{"taxonomy":"product_tag","embeddable":true,"href":"https:\/\/winehombres.com\/wp3\/wp-json\/wp\/v2\/product_tag?post=2544"}],"curies":[{"name":"wp","href":"https:\/\/api.w.org\/{rel}","templated":true}]}}