{"id":645,"date":"2016-03-25T08:25:27","date_gmt":"2016-03-25T08:25:27","guid":{"rendered":"http:\/\/okthemes.com\/villenoirdemonew\/product\/villenoir-cabernet-sauvignon\/"},"modified":"2021-12-01T20:07:49","modified_gmt":"2021-12-01T20:07:49","slug":"attunga1865shiraz","status":"publish","type":"product","link":"https:\/\/winehombres.com\/wp3\/product\/attunga1865shiraz\/","title":{"rendered":"Attunga 1865 Shiraz"},"content":{"rendered":"<p>[vc_row content_placement=&#8220;middle&#8220; css=&#8220;.vc_custom_1460727920666{padding-top: 0px !important;padding-bottom: 0px !important;background-color: #f2f2f2 !important;}&#8220;][vc_column css=&#8220;.vc_custom_1460636569719{padding: 20% !important;}&#8220; offset=&#8220;vc_col-lg-6 vc_col-md-6&#8243;]\n\t<div class=\"title-subtitle-box  \" style=\" text-align: left;\">\n\t\t<p  style=\"\">Weinspezifikation<\/p>\n\t\t<h1 style=\" font-style: normal;\">Beschreibung<\/h1>\n\t<\/div> [vc_column_text css=&#8220;.vc_custom_1624559658912{margin-bottom: 0px !important;}&#8220;]Der Attunga Weinberg wurde 1865 gepflanzt und zeigt ein unglaubliches Erbe und die Geschichte des australischen Shiraz. In aussergew\u00f6hnlichen Jahren wird von diesem Weinberg immer noch ein aussergew\u00f6hnlicher Shiraz produziert, der Attunga 1865.<br \/>\nMit einem Ertrag von lediglich etwas mehr als einer Tonne pro &#8222;acre&#8220; (0.4 Hektaren) produziert der Weinberg Trauben die klein, konzentriert und einzigartig sind. Traditionelle Kellertechniken, einschliesslich der Sortierung einzelner Beeren zur Erntezeit, stellen die Entstehung eines Shiraz von aller h\u00f6chster Qualit\u00e4t sicher.[\/vc_column_text][\/vc_column][vc_column css=&#8220;.vc_custom_1460635864072{padding-top: 0px !important;padding-right: 0px !important;padding-bottom: 0px !important;padding-left: 0px !important;}&#8220; offset=&#8220;vc_col-lg-6 vc_col-md-6 vc_hidden-sm vc_hidden-xs&#8220;][vc_single_image image=&#8220;677&#8243; img_size=&#8220;full&#8220; css=&#8220;.vc_custom_1459091894099{margin-bottom: 0px !important;}&#8220;][\/vc_column][\/vc_row][vc_row content_placement=&#8220;middle&#8220; css=&#8220;.vc_custom_1460727927848{padding-top: 0px !important;padding-bottom: 0px !important;background-color: #f2f2f2 !important;}&#8220;][vc_column css=&#8220;.vc_custom_1460635871252{padding-top: 0px !important;padding-right: 0px !important;padding-bottom: 0px !important;padding-left: 0px !important;}&#8220; offset=&#8220;vc_col-lg-6 vc_col-md-6 vc_hidden-sm vc_hidden-xs&#8220;][vc_single_image image=&#8220;678&#8243; img_size=&#8220;full&#8220; css=&#8220;.vc_custom_1459092021864{margin-bottom: 0px !important;}&#8220;][\/vc_column][vc_column css=&#8220;.vc_custom_1460636579755{padding: 20% !important;}&#8220; offset=&#8220;vc_col-lg-6 vc_col-md-6&#8243;]\n\t<div class=\"title-subtitle-box  \" style=\" text-align: left;\">\n\t\t<p  style=\"\">Weinspezifikation<\/p>\n\t\t<h1 style=\" font-style: normal;\">Eigenschaften<\/h1>\n\t<\/div> [vc_column_text]<strong>Farbe<br \/>\n<\/strong>Tiefrote Farbe mit leuchtend purpurroten Farbt\u00f6nen.<br \/>\n<strong>Nase<\/strong><br \/>\nEine dunkle und fordernde Aromatik von Bitumen, Teer, Fenchel, Schokolade und einem Hauch von Holzrauch die hervorragend miteinander verwoben sind.<br \/>\n<strong>Gaumen<\/strong><br \/>\nOpulent strukturiert, jedoch mit \u00fcberraschender Ausgewogenheit und Ausgeglichenheit. Die Hauptaromen von dunkler Schokolade, Kirschpflaumen und Lakritz f\u00fchren eindrucksvoll nahtlos zu einem langen Abgang mit Rauchnoten, fein positionierten Tanninen und einer wunderbaren S\u00e4urestruktur.<br \/>\nEin Wein, den man jetzt geniessen kann. Mit weiterem Lagern, ein Wein, mit dem man die Ewigkeit feiern kann.[\/vc_column_text][\/vc_column][\/vc_row][vc_row content_placement=&#8220;middle&#8220; css=&#8220;.vc_custom_1460727935440{padding-top: 0px !important;padding-bottom: 0px !important;background-color: #f2f2f2 !important;}&#8220;][vc_column css=&#8220;.vc_custom_1460636587092{padding: 20% !important;}&#8220; offset=&#8220;vc_col-lg-6 vc_col-md-6&#8243;]\n\t<div class=\"title-subtitle-box  \" style=\" text-align: left;\">\n\t\t<p  style=\"\">Weinspezifikation<\/p>\n\t\t<h1 style=\" font-style: normal;\">Lagerung &amp; Auszeichnungen<\/h1>\n\t<\/div> [vc_column_text]<strong>Lagerf\u00e4higkeit<br \/>\n<\/strong>mindestens 20 Jahre<br \/>\n<strong>Auszeichnungen<\/strong><br \/>\n2019 James Halliday 95\/100<br \/>\n2019 Mundus Vini Gold Medal<br \/>\n2019 Decanter &#8222;Best in Show&#8220;<br \/>\n2019 Decanter Gold Medal[\/vc_column_text][\/vc_column][vc_column css=&#8220;.vc_custom_1460635878309{padding-top: 0px !important;padding-right: 0px !important;padding-bottom: 0px !important;padding-left: 0px !important;}&#8220; offset=&#8220;vc_col-lg-6 vc_col-md-6 vc_hidden-sm vc_hidden-xs&#8220;][vc_single_image image=&#8220;2641&#8243; alignment=&#8220;center&#8220; css=&#8220;.vc_custom_1625587679089{margin-bottom: 0px !important;}&#8220;][vc_single_image image=&#8220;2642&#8243; alignment=&#8220;center&#8220; css=&#8220;.vc_custom_1625587711486{margin-bottom: 0px !important;}&#8220;][vc_single_image image=&#8220;2640&#8243; img_size=&#8220;150&#215;182&#8243; alignment=&#8220;center&#8220; css=&#8220;.vc_custom_1625587852262{margin-bottom: 0px !important;}&#8220;][vc_single_image image=&#8220;2643&#8243; alignment=&#8220;center&#8220; css=&#8220;.vc_custom_1625587790483{margin-bottom: 0px !important;}&#8220;][\/vc_column][\/vc_row]<\/p>\n","protected":false},"excerpt":{"rendered":"<p>1865 wurde das Matterhorn erstmalig bestiegen und gleichzeitg die Rebst\u00f6cke des Attunga gesetzt, welche noch heute\u00a0 Trauben liefern. Ein unglaubliches Erbe des wohl besten australischen Shiraz.<\/p>\n","protected":false},"featured_media":2383,"comment_status":"open","ping_status":"closed","template":"","meta":[],"product_cat":[29],"product_tag":[31,32],"class_list":["post-645","product","type-product","status-publish","has-post-thumbnail","hentry","product_cat-rotwein","product_tag-rotwein","product_tag-shiraz"],"yoast_head":"<!-- This site is optimized with the Yoast SEO plugin v17.7.1 - https:\/\/yoast.com\/wordpress\/plugins\/seo\/ -->\n<title>Attunga 1865 Shiraz - winehombres<\/title>\n<meta name=\"robots\" content=\"index, follow, max-snippet:-1, max-image-preview:large, max-video-preview:-1\" \/>\n<link rel=\"canonical\" href=\"https:\/\/winehombres.com\/wp3\/product\/attunga1865shiraz\/\" \/>\n<meta property=\"og:locale\" content=\"de_DE\" \/>\n<meta property=\"og:type\" content=\"article\" \/>\n<meta property=\"og:title\" content=\"Attunga 1865 Shiraz - winehombres\" \/>\n<meta property=\"og:description\" content=\"1865 wurde das Matterhorn erstmalig bestiegen und gleichzeitg die Rebst\u00f6cke des Attunga gesetzt, welche noch heute\u00a0 Trauben liefern. Ein unglaubliches Erbe des wohl besten australischen Shiraz.\" \/>\n<meta property=\"og:url\" content=\"https:\/\/winehombres.com\/wp3\/product\/attunga1865shiraz\/\" \/>\n<meta property=\"og:site_name\" content=\"winehombres\" \/>\n<meta property=\"article:modified_time\" content=\"2021-12-01T20:07:49+00:00\" \/>\n<meta property=\"og:image\" content=\"https:\/\/winehombres.com\/wp3\/wp-content\/uploads\/2021\/06\/NV-attunga-1865-shiraz-e1625589302673.png\" \/>\n\t<meta property=\"og:image:width\" content=\"350\" \/>\n\t<meta property=\"og:image:height\" content=\"1169\" \/>\n<meta name=\"twitter:card\" content=\"summary_large_image\" \/>\n<meta name=\"twitter:label1\" content=\"Gesch\u00e4tzte Lesezeit\" \/>\n\t<meta name=\"twitter:data1\" content=\"3\u00a0Minuten\" \/>\n<script type=\"application\/ld+json\" class=\"yoast-schema-graph\">{\"@context\":\"https:\/\/schema.org\",\"@graph\":[{\"@type\":\"Organization\",\"@id\":\"https:\/\/winehombres.com\/wp3\/#organization\",\"name\":\"winehombres\",\"url\":\"https:\/\/winehombres.com\/wp3\/\",\"sameAs\":[],\"logo\":{\"@type\":\"ImageObject\",\"@id\":\"https:\/\/winehombres.com\/wp3\/#logo\",\"inLanguage\":\"de\",\"url\":\"https:\/\/winehombres.com\/wp3\/wp-content\/uploads\/2021\/06\/Logo_silver.png\",\"contentUrl\":\"https:\/\/winehombres.com\/wp3\/wp-content\/uploads\/2021\/06\/Logo_silver.png\",\"width\":8829,\"height\":5606,\"caption\":\"winehombres\"},\"image\":{\"@id\":\"https:\/\/winehombres.com\/wp3\/#logo\"}},{\"@type\":\"WebSite\",\"@id\":\"https:\/\/winehombres.com\/wp3\/#website\",\"url\":\"https:\/\/winehombres.com\/wp3\/\",\"name\":\"winehombres\",\"description\":\"winehombres kilikanoon weinshop\",\"publisher\":{\"@id\":\"https:\/\/winehombres.com\/wp3\/#organization\"},\"potentialAction\":[{\"@type\":\"SearchAction\",\"target\":{\"@type\":\"EntryPoint\",\"urlTemplate\":\"https:\/\/winehombres.com\/wp3\/?s={search_term_string}\"},\"query-input\":\"required name=search_term_string\"}],\"inLanguage\":\"de\"},{\"@type\":\"ImageObject\",\"@id\":\"https:\/\/winehombres.com\/wp3\/product\/attunga1865shiraz\/#primaryimage\",\"inLanguage\":\"de\",\"url\":\"https:\/\/winehombres.com\/wp3\/wp-content\/uploads\/2021\/06\/NV-attunga-1865-shiraz-e1625589302673.png\",\"contentUrl\":\"https:\/\/winehombres.com\/wp3\/wp-content\/uploads\/2021\/06\/NV-attunga-1865-shiraz-e1625589302673.png\",\"width\":350,\"height\":1169},{\"@type\":\"WebPage\",\"@id\":\"https:\/\/winehombres.com\/wp3\/product\/attunga1865shiraz\/#webpage\",\"url\":\"https:\/\/winehombres.com\/wp3\/product\/attunga1865shiraz\/\",\"name\":\"Attunga 1865 Shiraz - winehombres\",\"isPartOf\":{\"@id\":\"https:\/\/winehombres.com\/wp3\/#website\"},\"primaryImageOfPage\":{\"@id\":\"https:\/\/winehombres.com\/wp3\/product\/attunga1865shiraz\/#primaryimage\"},\"datePublished\":\"2016-03-25T08:25:27+00:00\",\"dateModified\":\"2021-12-01T20:07:49+00:00\",\"breadcrumb\":{\"@id\":\"https:\/\/winehombres.com\/wp3\/product\/attunga1865shiraz\/#breadcrumb\"},\"inLanguage\":\"de\",\"potentialAction\":[{\"@type\":\"ReadAction\",\"target\":[\"https:\/\/winehombres.com\/wp3\/product\/attunga1865shiraz\/\"]}]},{\"@type\":\"BreadcrumbList\",\"@id\":\"https:\/\/winehombres.com\/wp3\/product\/attunga1865shiraz\/#breadcrumb\",\"itemListElement\":[{\"@type\":\"ListItem\",\"position\":1,\"name\":\"Startseite\",\"item\":\"https:\/\/winehombres.com\/wp3\/\"},{\"@type\":\"ListItem\",\"position\":2,\"name\":\"Kilikanoon Weine\",\"item\":\"https:\/\/winehombres.com\/wp3\/wines\/\"},{\"@type\":\"ListItem\",\"position\":3,\"name\":\"Attunga 1865 Shiraz\"}]}]}<\/script>\n<!-- \/ Yoast SEO plugin. -->","yoast_head_json":{"title":"Attunga 1865 Shiraz - winehombres","robots":{"index":"index","follow":"follow","max-snippet":"max-snippet:-1","max-image-preview":"max-image-preview:large","max-video-preview":"max-video-preview:-1"},"canonical":"https:\/\/winehombres.com\/wp3\/product\/attunga1865shiraz\/","og_locale":"de_DE","og_type":"article","og_title":"Attunga 1865 Shiraz - winehombres","og_description":"1865 wurde das Matterhorn erstmalig bestiegen und gleichzeitg die Rebst\u00f6cke des Attunga gesetzt, welche noch heute\u00a0 Trauben liefern. Ein unglaubliches Erbe des wohl besten australischen Shiraz.","og_url":"https:\/\/winehombres.com\/wp3\/product\/attunga1865shiraz\/","og_site_name":"winehombres","article_modified_time":"2021-12-01T20:07:49+00:00","og_image":[{"width":350,"height":1169,"url":"https:\/\/winehombres.com\/wp3\/wp-content\/uploads\/2021\/06\/NV-attunga-1865-shiraz-e1625589302673.png","type":"image\/png"}],"twitter_card":"summary_large_image","twitter_misc":{"Gesch\u00e4tzte Lesezeit":"3\u00a0Minuten"},"schema":{"@context":"https:\/\/schema.org","@graph":[{"@type":"Organization","@id":"https:\/\/winehombres.com\/wp3\/#organization","name":"winehombres","url":"https:\/\/winehombres.com\/wp3\/","sameAs":[],"logo":{"@type":"ImageObject","@id":"https:\/\/winehombres.com\/wp3\/#logo","inLanguage":"de","url":"https:\/\/winehombres.com\/wp3\/wp-content\/uploads\/2021\/06\/Logo_silver.png","contentUrl":"https:\/\/winehombres.com\/wp3\/wp-content\/uploads\/2021\/06\/Logo_silver.png","width":8829,"height":5606,"caption":"winehombres"},"image":{"@id":"https:\/\/winehombres.com\/wp3\/#logo"}},{"@type":"WebSite","@id":"https:\/\/winehombres.com\/wp3\/#website","url":"https:\/\/winehombres.com\/wp3\/","name":"winehombres","description":"winehombres kilikanoon weinshop","publisher":{"@id":"https:\/\/winehombres.com\/wp3\/#organization"},"potentialAction":[{"@type":"SearchAction","target":{"@type":"EntryPoint","urlTemplate":"https:\/\/winehombres.com\/wp3\/?s={search_term_string}"},"query-input":"required name=search_term_string"}],"inLanguage":"de"},{"@type":"ImageObject","@id":"https:\/\/winehombres.com\/wp3\/product\/attunga1865shiraz\/#primaryimage","inLanguage":"de","url":"https:\/\/winehombres.com\/wp3\/wp-content\/uploads\/2021\/06\/NV-attunga-1865-shiraz-e1625589302673.png","contentUrl":"https:\/\/winehombres.com\/wp3\/wp-content\/uploads\/2021\/06\/NV-attunga-1865-shiraz-e1625589302673.png","width":350,"height":1169},{"@type":"WebPage","@id":"https:\/\/winehombres.com\/wp3\/product\/attunga1865shiraz\/#webpage","url":"https:\/\/winehombres.com\/wp3\/product\/attunga1865shiraz\/","name":"Attunga 1865 Shiraz - winehombres","isPartOf":{"@id":"https:\/\/winehombres.com\/wp3\/#website"},"primaryImageOfPage":{"@id":"https:\/\/winehombres.com\/wp3\/product\/attunga1865shiraz\/#primaryimage"},"datePublished":"2016-03-25T08:25:27+00:00","dateModified":"2021-12-01T20:07:49+00:00","breadcrumb":{"@id":"https:\/\/winehombres.com\/wp3\/product\/attunga1865shiraz\/#breadcrumb"},"inLanguage":"de","potentialAction":[{"@type":"ReadAction","target":["https:\/\/winehombres.com\/wp3\/product\/attunga1865shiraz\/"]}]},{"@type":"BreadcrumbList","@id":"https:\/\/winehombres.com\/wp3\/product\/attunga1865shiraz\/#breadcrumb","itemListElement":[{"@type":"ListItem","position":1,"name":"Startseite","item":"https:\/\/winehombres.com\/wp3\/"},{"@type":"ListItem","position":2,"name":"Kilikanoon Weine","item":"https:\/\/winehombres.com\/wp3\/wines\/"},{"@type":"ListItem","position":3,"name":"Attunga 1865 Shiraz"}]}]}},"_links":{"self":[{"href":"https:\/\/winehombres.com\/wp3\/wp-json\/wp\/v2\/product\/645","targetHints":{"allow":["GET"]}}],"collection":[{"href":"https:\/\/winehombres.com\/wp3\/wp-json\/wp\/v2\/product"}],"about":[{"href":"https:\/\/winehombres.com\/wp3\/wp-json\/wp\/v2\/types\/product"}],"replies":[{"embeddable":true,"href":"https:\/\/winehombres.com\/wp3\/wp-json\/wp\/v2\/comments?post=645"}],"wp:featuredmedia":[{"embeddable":true,"href":"https:\/\/winehombres.com\/wp3\/wp-json\/wp\/v2\/media\/2383"}],"wp:attachment":[{"href":"https:\/\/winehombres.com\/wp3\/wp-json\/wp\/v2\/media?parent=645"}],"wp:term":[{"taxonomy":"product_cat","embeddable":true,"href":"https:\/\/winehombres.com\/wp3\/wp-json\/wp\/v2\/product_cat?post=645"},{"taxonomy":"product_tag","embeddable":true,"href":"https:\/\/winehombres.com\/wp3\/wp-json\/wp\/v2\/product_tag?post=645"}],"curies":[{"name":"wp","href":"https:\/\/api.w.org\/{rel}","templated":true}]}}