{"id":680,"date":"2016-03-27T16:04:32","date_gmt":"2016-03-27T16:04:32","guid":{"rendered":"http:\/\/okthemes.com\/villenoirdemonew\/product\/villenoir-aged-merlot\/"},"modified":"2021-12-01T19:37:31","modified_gmt":"2021-12-01T19:37:31","slug":"oracleshiraz","status":"publish","type":"product","link":"https:\/\/winehombres.com\/wp3\/product\/oracleshiraz\/","title":{"rendered":"Oracle Shiraz"},"content":{"rendered":"<p>[vc_row content_placement=&#8220;middle&#8220; css=&#8220;.vc_custom_1460727920666{padding-top: 0px !important;padding-bottom: 0px !important;background-color: #f2f2f2 !important;}&#8220;][vc_column css=&#8220;.vc_custom_1460636569719{padding: 20% !important;}&#8220; offset=&#8220;vc_col-lg-6 vc_col-md-6&#8243;]\n\t<div class=\"title-subtitle-box  \" style=\" text-align: left;\">\n\t\t<p  style=\"\">Weinspezifikation<\/p>\n\t\t<h1 style=\" font-style: normal;\">Beschreibung<\/h1>\n\t<\/div> [vc_column_text css=&#8220;.vc_custom_1624560597521{margin-bottom: 0px !important;}&#8220;]Mit Ausnahme des Jahrgangs 2011 wurde seit 1997 jedes Jahr der legend\u00e4re Oracle Shiraz vinifiziert. Hergestellt aus alten Reben, die am Golden Hillside in Leasingham angebaut werden, zeigt er weiterhin die Opulenz, den regionalen Charakter und die Sortenkraft, f\u00fcr die das Clare Valley so bekannt ist. Aus den Weinbergen wurden die ertragsschwache Parzellen von Shiraz f\u00fcr eine\u00a0Konzentration der Aromen ausgew\u00e4hlt. Jede Parzelle wurde separat unter Verwendung traditioneller Weinbereitungstechniken vinifiziert, bevor sie 18 Monate lang in einer sorgf\u00e4ltigen Auswahl neuer und gebrauchten franz\u00f6sischen Eichenf\u00e4ssern gereift wurden[\/vc_column_text][\/vc_column][vc_column css=&#8220;.vc_custom_1460635864072{padding-top: 0px !important;padding-right: 0px !important;padding-bottom: 0px !important;padding-left: 0px !important;}&#8220; offset=&#8220;vc_col-lg-6 vc_col-md-6 vc_hidden-sm vc_hidden-xs&#8220;][vc_single_image image=&#8220;677&#8243; img_size=&#8220;full&#8220; css=&#8220;.vc_custom_1459091894099{margin-bottom: 0px !important;}&#8220;][\/vc_column][\/vc_row][vc_row content_placement=&#8220;middle&#8220; css=&#8220;.vc_custom_1460727927848{padding-top: 0px !important;padding-bottom: 0px !important;background-color: #f2f2f2 !important;}&#8220;][vc_column css=&#8220;.vc_custom_1460635871252{padding-top: 0px !important;padding-right: 0px !important;padding-bottom: 0px !important;padding-left: 0px !important;}&#8220; offset=&#8220;vc_col-lg-6 vc_col-md-6 vc_hidden-sm vc_hidden-xs&#8220;][vc_single_image image=&#8220;678&#8243; img_size=&#8220;full&#8220; css=&#8220;.vc_custom_1459092021864{margin-bottom: 0px !important;}&#8220;][\/vc_column][vc_column css=&#8220;.vc_custom_1460636579755{padding: 20% !important;}&#8220; offset=&#8220;vc_col-lg-6 vc_col-md-6&#8243;]\n\t<div class=\"title-subtitle-box  \" style=\" text-align: left;\">\n\t\t<p  style=\"\">Weinspezifikation<\/p>\n\t\t<h1 style=\" font-style: normal;\">Eigenschaften<\/h1>\n\t<\/div> [vc_column_text]<strong>Farbe<br \/>\n<\/strong>Dunkelrote Farbe mit jugendlichen purpurroten Reflexen.<br \/>\n<strong>Nase<\/strong><br \/>\nNuancen schwarzer Oliven und Waldbeeren mit Lakritz, Zimt und Nelke.<br \/>\n<strong>Gaumen<\/strong><br \/>\nReichhaltige und kr\u00e4ftige dunkle Beeren und leuchtend rote Fr\u00fcchte, etwas von dunkler Schokolade und K\u00fcchengew\u00fcrze. Feine, weiche Tannine geben der Frucht L\u00e4nge und treiben sie vor einem samtigen Abgang an.[\/vc_column_text][\/vc_column][\/vc_row][vc_row content_placement=&#8220;middle&#8220; css=&#8220;.vc_custom_1460727935440{padding-top: 0px !important;padding-bottom: 0px !important;background-color: #f2f2f2 !important;}&#8220;][vc_column css=&#8220;.vc_custom_1460636587092{padding: 20% !important;}&#8220; offset=&#8220;vc_col-lg-6 vc_col-md-6&#8243;]\n\t<div class=\"title-subtitle-box  \" style=\" text-align: left;\">\n\t\t<p  style=\"\">Weinspezifikation<\/p>\n\t\t<h1 style=\" font-style: normal;\">Lagerung &amp; Auszeichnungen<\/h1>\n\t<\/div> [vc_column_text]<strong>Lagerf\u00e4higkeit<br \/>\n<\/strong>mindestens 20 Jahre<br \/>\n<strong>Auszeichnungen<\/strong><br \/>\n2018 Decanter World Wine Award Platinum Medal 97\/100<br \/>\n2018 Mundus Vini Gold Medal<br \/>\n2018 International Wine &amp; Spirit Competition Gold Medal<br \/>\n2018 International Wine &amp; Spirit Competition Best Shiraz[\/vc_column_text][\/vc_column][vc_column css=&#8220;.vc_custom_1460635878309{padding-top: 0px !important;padding-right: 0px !important;padding-bottom: 0px !important;padding-left: 0px !important;}&#8220; offset=&#8220;vc_col-lg-6 vc_col-md-6 vc_hidden-sm vc_hidden-xs&#8220;][vc_single_image image=&#8220;2455&#8243; alignment=&#8220;center&#8220; css=&#8220;.vc_custom_1625587239978{margin-bottom: 0px !important;}&#8220;][vc_single_image image=&#8220;2639&#8243; alignment=&#8220;center&#8220; css=&#8220;.vc_custom_1625587261327{margin-bottom: 0px !important;}&#8220;][vc_single_image image=&#8220;2637&#8243; img_size=&#8220;117&#215;150&#8243; alignment=&#8220;center&#8220; css=&#8220;.vc_custom_1625587497387{margin-bottom: 0px !important;}&#8220;][vc_single_image image=&#8220;2638&#8243; img_size=&#8220;117&#215;150&#8243; alignment=&#8220;center&#8220; css=&#8220;.vc_custom_1625587521343{margin-bottom: 0px !important;}&#8220;][\/vc_column][\/vc_row]<\/p>\n","protected":false},"excerpt":{"rendered":"<p>Unsere erste Begegnung mit Kilikanoon. Kraftvoll und dennoch mit aussergew\u00f6hnlicher Eleganz &#8211; einer der weltbesten Shiraz &#8211; Oracle<\/p>\n","protected":false},"featured_media":2390,"comment_status":"open","ping_status":"closed","template":"","meta":[],"product_cat":[29],"product_tag":[31,32],"class_list":["post-680","product","type-product","status-publish","has-post-thumbnail","hentry","product_cat-rotwein","product_tag-rotwein","product_tag-shiraz"],"yoast_head":"<!-- This site is optimized with the Yoast SEO plugin v17.7.1 - https:\/\/yoast.com\/wordpress\/plugins\/seo\/ -->\n<title>Oracle Shiraz - winehombres<\/title>\n<meta name=\"robots\" content=\"index, follow, max-snippet:-1, max-image-preview:large, max-video-preview:-1\" \/>\n<link rel=\"canonical\" href=\"https:\/\/winehombres.com\/wp3\/product\/oracleshiraz\/\" \/>\n<meta property=\"og:locale\" content=\"de_DE\" \/>\n<meta property=\"og:type\" content=\"article\" \/>\n<meta property=\"og:title\" content=\"Oracle Shiraz - winehombres\" \/>\n<meta property=\"og:description\" content=\"Unsere erste Begegnung mit Kilikanoon. Kraftvoll und dennoch mit aussergew\u00f6hnlicher Eleganz - einer der weltbesten Shiraz - Oracle\" \/>\n<meta property=\"og:url\" content=\"https:\/\/winehombres.com\/wp3\/product\/oracleshiraz\/\" \/>\n<meta property=\"og:site_name\" content=\"winehombres\" \/>\n<meta property=\"article:modified_time\" content=\"2021-12-01T19:37:31+00:00\" \/>\n<meta property=\"og:image\" content=\"https:\/\/winehombres.com\/wp3\/wp-content\/uploads\/2021\/06\/NV-oracle-shiraz-e1625589197469.png\" \/>\n\t<meta property=\"og:image:width\" content=\"350\" \/>\n\t<meta property=\"og:image:height\" content=\"1184\" \/>\n<meta name=\"twitter:card\" content=\"summary_large_image\" \/>\n<meta name=\"twitter:label1\" content=\"Gesch\u00e4tzte Lesezeit\" \/>\n\t<meta name=\"twitter:data1\" content=\"2\u00a0Minuten\" \/>\n<script type=\"application\/ld+json\" class=\"yoast-schema-graph\">{\"@context\":\"https:\/\/schema.org\",\"@graph\":[{\"@type\":\"Organization\",\"@id\":\"https:\/\/winehombres.com\/wp3\/#organization\",\"name\":\"winehombres\",\"url\":\"https:\/\/winehombres.com\/wp3\/\",\"sameAs\":[],\"logo\":{\"@type\":\"ImageObject\",\"@id\":\"https:\/\/winehombres.com\/wp3\/#logo\",\"inLanguage\":\"de\",\"url\":\"https:\/\/winehombres.com\/wp3\/wp-content\/uploads\/2021\/06\/Logo_silver.png\",\"contentUrl\":\"https:\/\/winehombres.com\/wp3\/wp-content\/uploads\/2021\/06\/Logo_silver.png\",\"width\":8829,\"height\":5606,\"caption\":\"winehombres\"},\"image\":{\"@id\":\"https:\/\/winehombres.com\/wp3\/#logo\"}},{\"@type\":\"WebSite\",\"@id\":\"https:\/\/winehombres.com\/wp3\/#website\",\"url\":\"https:\/\/winehombres.com\/wp3\/\",\"name\":\"winehombres\",\"description\":\"winehombres kilikanoon weinshop\",\"publisher\":{\"@id\":\"https:\/\/winehombres.com\/wp3\/#organization\"},\"potentialAction\":[{\"@type\":\"SearchAction\",\"target\":{\"@type\":\"EntryPoint\",\"urlTemplate\":\"https:\/\/winehombres.com\/wp3\/?s={search_term_string}\"},\"query-input\":\"required name=search_term_string\"}],\"inLanguage\":\"de\"},{\"@type\":\"ImageObject\",\"@id\":\"https:\/\/winehombres.com\/wp3\/product\/oracleshiraz\/#primaryimage\",\"inLanguage\":\"de\",\"url\":\"https:\/\/winehombres.com\/wp3\/wp-content\/uploads\/2021\/06\/NV-oracle-shiraz-e1625589197469.png\",\"contentUrl\":\"https:\/\/winehombres.com\/wp3\/wp-content\/uploads\/2021\/06\/NV-oracle-shiraz-e1625589197469.png\",\"width\":350,\"height\":1184},{\"@type\":\"WebPage\",\"@id\":\"https:\/\/winehombres.com\/wp3\/product\/oracleshiraz\/#webpage\",\"url\":\"https:\/\/winehombres.com\/wp3\/product\/oracleshiraz\/\",\"name\":\"Oracle Shiraz - winehombres\",\"isPartOf\":{\"@id\":\"https:\/\/winehombres.com\/wp3\/#website\"},\"primaryImageOfPage\":{\"@id\":\"https:\/\/winehombres.com\/wp3\/product\/oracleshiraz\/#primaryimage\"},\"datePublished\":\"2016-03-27T16:04:32+00:00\",\"dateModified\":\"2021-12-01T19:37:31+00:00\",\"breadcrumb\":{\"@id\":\"https:\/\/winehombres.com\/wp3\/product\/oracleshiraz\/#breadcrumb\"},\"inLanguage\":\"de\",\"potentialAction\":[{\"@type\":\"ReadAction\",\"target\":[\"https:\/\/winehombres.com\/wp3\/product\/oracleshiraz\/\"]}]},{\"@type\":\"BreadcrumbList\",\"@id\":\"https:\/\/winehombres.com\/wp3\/product\/oracleshiraz\/#breadcrumb\",\"itemListElement\":[{\"@type\":\"ListItem\",\"position\":1,\"name\":\"Startseite\",\"item\":\"https:\/\/winehombres.com\/wp3\/\"},{\"@type\":\"ListItem\",\"position\":2,\"name\":\"Kilikanoon Weine\",\"item\":\"https:\/\/winehombres.com\/wp3\/wines\/\"},{\"@type\":\"ListItem\",\"position\":3,\"name\":\"Oracle Shiraz\"}]}]}<\/script>\n<!-- \/ Yoast SEO plugin. -->","yoast_head_json":{"title":"Oracle Shiraz - winehombres","robots":{"index":"index","follow":"follow","max-snippet":"max-snippet:-1","max-image-preview":"max-image-preview:large","max-video-preview":"max-video-preview:-1"},"canonical":"https:\/\/winehombres.com\/wp3\/product\/oracleshiraz\/","og_locale":"de_DE","og_type":"article","og_title":"Oracle Shiraz - winehombres","og_description":"Unsere erste Begegnung mit Kilikanoon. Kraftvoll und dennoch mit aussergew\u00f6hnlicher Eleganz - einer der weltbesten Shiraz - Oracle","og_url":"https:\/\/winehombres.com\/wp3\/product\/oracleshiraz\/","og_site_name":"winehombres","article_modified_time":"2021-12-01T19:37:31+00:00","og_image":[{"width":350,"height":1184,"url":"https:\/\/winehombres.com\/wp3\/wp-content\/uploads\/2021\/06\/NV-oracle-shiraz-e1625589197469.png","type":"image\/png"}],"twitter_card":"summary_large_image","twitter_misc":{"Gesch\u00e4tzte Lesezeit":"2\u00a0Minuten"},"schema":{"@context":"https:\/\/schema.org","@graph":[{"@type":"Organization","@id":"https:\/\/winehombres.com\/wp3\/#organization","name":"winehombres","url":"https:\/\/winehombres.com\/wp3\/","sameAs":[],"logo":{"@type":"ImageObject","@id":"https:\/\/winehombres.com\/wp3\/#logo","inLanguage":"de","url":"https:\/\/winehombres.com\/wp3\/wp-content\/uploads\/2021\/06\/Logo_silver.png","contentUrl":"https:\/\/winehombres.com\/wp3\/wp-content\/uploads\/2021\/06\/Logo_silver.png","width":8829,"height":5606,"caption":"winehombres"},"image":{"@id":"https:\/\/winehombres.com\/wp3\/#logo"}},{"@type":"WebSite","@id":"https:\/\/winehombres.com\/wp3\/#website","url":"https:\/\/winehombres.com\/wp3\/","name":"winehombres","description":"winehombres kilikanoon weinshop","publisher":{"@id":"https:\/\/winehombres.com\/wp3\/#organization"},"potentialAction":[{"@type":"SearchAction","target":{"@type":"EntryPoint","urlTemplate":"https:\/\/winehombres.com\/wp3\/?s={search_term_string}"},"query-input":"required name=search_term_string"}],"inLanguage":"de"},{"@type":"ImageObject","@id":"https:\/\/winehombres.com\/wp3\/product\/oracleshiraz\/#primaryimage","inLanguage":"de","url":"https:\/\/winehombres.com\/wp3\/wp-content\/uploads\/2021\/06\/NV-oracle-shiraz-e1625589197469.png","contentUrl":"https:\/\/winehombres.com\/wp3\/wp-content\/uploads\/2021\/06\/NV-oracle-shiraz-e1625589197469.png","width":350,"height":1184},{"@type":"WebPage","@id":"https:\/\/winehombres.com\/wp3\/product\/oracleshiraz\/#webpage","url":"https:\/\/winehombres.com\/wp3\/product\/oracleshiraz\/","name":"Oracle Shiraz - winehombres","isPartOf":{"@id":"https:\/\/winehombres.com\/wp3\/#website"},"primaryImageOfPage":{"@id":"https:\/\/winehombres.com\/wp3\/product\/oracleshiraz\/#primaryimage"},"datePublished":"2016-03-27T16:04:32+00:00","dateModified":"2021-12-01T19:37:31+00:00","breadcrumb":{"@id":"https:\/\/winehombres.com\/wp3\/product\/oracleshiraz\/#breadcrumb"},"inLanguage":"de","potentialAction":[{"@type":"ReadAction","target":["https:\/\/winehombres.com\/wp3\/product\/oracleshiraz\/"]}]},{"@type":"BreadcrumbList","@id":"https:\/\/winehombres.com\/wp3\/product\/oracleshiraz\/#breadcrumb","itemListElement":[{"@type":"ListItem","position":1,"name":"Startseite","item":"https:\/\/winehombres.com\/wp3\/"},{"@type":"ListItem","position":2,"name":"Kilikanoon Weine","item":"https:\/\/winehombres.com\/wp3\/wines\/"},{"@type":"ListItem","position":3,"name":"Oracle Shiraz"}]}]}},"_links":{"self":[{"href":"https:\/\/winehombres.com\/wp3\/wp-json\/wp\/v2\/product\/680","targetHints":{"allow":["GET"]}}],"collection":[{"href":"https:\/\/winehombres.com\/wp3\/wp-json\/wp\/v2\/product"}],"about":[{"href":"https:\/\/winehombres.com\/wp3\/wp-json\/wp\/v2\/types\/product"}],"replies":[{"embeddable":true,"href":"https:\/\/winehombres.com\/wp3\/wp-json\/wp\/v2\/comments?post=680"}],"wp:featuredmedia":[{"embeddable":true,"href":"https:\/\/winehombres.com\/wp3\/wp-json\/wp\/v2\/media\/2390"}],"wp:attachment":[{"href":"https:\/\/winehombres.com\/wp3\/wp-json\/wp\/v2\/media?parent=680"}],"wp:term":[{"taxonomy":"product_cat","embeddable":true,"href":"https:\/\/winehombres.com\/wp3\/wp-json\/wp\/v2\/product_cat?post=680"},{"taxonomy":"product_tag","embeddable":true,"href":"https:\/\/winehombres.com\/wp3\/wp-json\/wp\/v2\/product_tag?post=680"}],"curies":[{"name":"wp","href":"https:\/\/api.w.org\/{rel}","templated":true}]}}